{"id":20453,"date":"2017-03-10T15:14:35","date_gmt":"2017-03-10T14:14:35","guid":{"rendered":"https:\/\/beauty.fiapp.com\/fr\/shop\/cosmo-st06-2\/"},"modified":"2023-11-22T09:25:32","modified_gmt":"2023-11-22T08:25:32","slug":"cosmo-st06-2","status":"publish","type":"product","link":"https:\/\/fiapp.com\/fr\/cosmo-st06-2\/","title":{"rendered":"Organisation \u00e9l\u00e9gante avec la table \u00e0 magazines COSMO ST06"},"content":{"rendered":"","protected":false},"excerpt":{"rendered":"<h3>COSMO ST06<\/h3>\n<p>Petit table en acier inox bross\u00e9.<\/p>\n","protected":false},"featured_media":18513,"comment_status":"closed","ping_status":"closed","template":"","meta":{"_acf_changed":false},"product_cat":[330,332],"product_tag":[],"class_list":["post-20453","product","type-product","status-publish","has-post-thumbnail","hentry","product_cat-tabourets-et-tables-spa-nails","product_cat-tabourets-et-tables-coiffeur"],"acf":[],"_links":{"self":[{"href":"https:\/\/fiapp.com\/fr\/wp-json\/wp\/v2\/product\/20453"}],"collection":[{"href":"https:\/\/fiapp.com\/fr\/wp-json\/wp\/v2\/product"}],"about":[{"href":"https:\/\/fiapp.com\/fr\/wp-json\/wp\/v2\/types\/product"}],"replies":[{"embeddable":true,"href":"https:\/\/fiapp.com\/fr\/wp-json\/wp\/v2\/comments?post=20453"}],"wp:featuredmedia":[{"embeddable":true,"href":"https:\/\/fiapp.com\/fr\/wp-json\/wp\/v2\/media\/18513"}],"wp:attachment":[{"href":"https:\/\/fiapp.com\/fr\/wp-json\/wp\/v2\/media?parent=20453"}],"wp:term":[{"taxonomy":"product_cat","embeddable":true,"href":"https:\/\/fiapp.com\/fr\/wp-json\/wp\/v2\/product_cat?post=20453"},{"taxonomy":"product_tag","embeddable":true,"href":"https:\/\/fiapp.com\/fr\/wp-json\/wp\/v2\/product_tag?post=20453"}],"curies":[{"name":"wp","href":"https:\/\/api.w.org\/{rel}","templated":true}]}}