{"id":20455,"date":"2017-03-10T15:12:46","date_gmt":"2017-03-10T14:12:46","guid":{"rendered":"https:\/\/beauty.fiapp.com\/fr\/shop\/manhattan-83-2\/"},"modified":"2023-11-23T11:28:18","modified_gmt":"2023-11-23T10:28:18","slug":"manhattan-83-2","status":"publish","type":"product","link":"https:\/\/fiapp.com\/fr\/manhattan-83-2\/","title":{"rendered":"Manhattan 83 : Canap\u00e9 d&#8217;attente de luxe pour salons exclusifs"},"content":{"rendered":"","protected":false},"excerpt":{"rendered":"<h3>MANHATTAN 83<\/h3>\n<p>Canap\u00e9 d&#8217;attente avec dossier central, habillage en simil-cuir, plinthe plaqu\u00e9 en stratifi\u00e9.<\/p>\n","protected":false},"featured_media":18511,"comment_status":"closed","ping_status":"closed","template":"","meta":{"_acf_changed":false},"product_cat":[548],"product_tag":[],"class_list":["post-20455","product","type-product","status-publish","has-post-thumbnail","hentry","product_cat-attente-spa-nails"],"acf":[],"_links":{"self":[{"href":"https:\/\/fiapp.com\/fr\/wp-json\/wp\/v2\/product\/20455"}],"collection":[{"href":"https:\/\/fiapp.com\/fr\/wp-json\/wp\/v2\/product"}],"about":[{"href":"https:\/\/fiapp.com\/fr\/wp-json\/wp\/v2\/types\/product"}],"replies":[{"embeddable":true,"href":"https:\/\/fiapp.com\/fr\/wp-json\/wp\/v2\/comments?post=20455"}],"wp:featuredmedia":[{"embeddable":true,"href":"https:\/\/fiapp.com\/fr\/wp-json\/wp\/v2\/media\/18511"}],"wp:attachment":[{"href":"https:\/\/fiapp.com\/fr\/wp-json\/wp\/v2\/media?parent=20455"}],"wp:term":[{"taxonomy":"product_cat","embeddable":true,"href":"https:\/\/fiapp.com\/fr\/wp-json\/wp\/v2\/product_cat?post=20455"},{"taxonomy":"product_tag","embeddable":true,"href":"https:\/\/fiapp.com\/fr\/wp-json\/wp\/v2\/product_tag?post=20455"}],"curies":[{"name":"wp","href":"https:\/\/api.w.org\/{rel}","templated":true}]}}