{"id":20465,"date":"2016-11-11T15:11:57","date_gmt":"2016-11-11T14:11:57","guid":{"rendered":"https:\/\/beauty.fiapp.com\/fr\/shop\/luxury-e131\/"},"modified":"2023-11-23T11:06:06","modified_gmt":"2023-11-23T10:06:06","slug":"luxury-e131v","status":"publish","type":"product","link":"https:\/\/fiapp.com\/fr\/luxury-e131v\/","title":{"rendered":"Fauteuil de podologie design de luxe E131V pour des traitements sup\u00e9rieurs"},"content":{"rendered":"","protected":false},"excerpt":{"rendered":"<h3>LUXURY E131V<\/h3>\n<p>Pedispa avec structure en fibre de verre blanc complete avec vasque int\u00e9gr\u00e9. Fauteuil art. Diablo 666 sur plaque tournante, habillage en simil-cuir et repose-pieds r\u00e9glable en hauteur, amovible.<\/p>\n","protected":false},"featured_media":18523,"comment_status":"open","ping_status":"closed","template":"","meta":{"_acf_changed":false},"product_cat":[290,292],"product_tag":[],"class_list":["post-20465","product","type-product","status-publish","has-post-thumbnail","hentry","product_cat-pedispa-spa-nails","product_cat-pedispa-coiffeur"],"acf":[],"_links":{"self":[{"href":"https:\/\/fiapp.com\/fr\/wp-json\/wp\/v2\/product\/20465"}],"collection":[{"href":"https:\/\/fiapp.com\/fr\/wp-json\/wp\/v2\/product"}],"about":[{"href":"https:\/\/fiapp.com\/fr\/wp-json\/wp\/v2\/types\/product"}],"replies":[{"embeddable":true,"href":"https:\/\/fiapp.com\/fr\/wp-json\/wp\/v2\/comments?post=20465"}],"wp:featuredmedia":[{"embeddable":true,"href":"https:\/\/fiapp.com\/fr\/wp-json\/wp\/v2\/media\/18523"}],"wp:attachment":[{"href":"https:\/\/fiapp.com\/fr\/wp-json\/wp\/v2\/media?parent=20465"}],"wp:term":[{"taxonomy":"product_cat","embeddable":true,"href":"https:\/\/fiapp.com\/fr\/wp-json\/wp\/v2\/product_cat?post=20465"},{"taxonomy":"product_tag","embeddable":true,"href":"https:\/\/fiapp.com\/fr\/wp-json\/wp\/v2\/product_tag?post=20465"}],"curies":[{"name":"wp","href":"https:\/\/api.w.org\/{rel}","templated":true}]}}