{"id":20482,"date":"2016-11-11T14:57:40","date_gmt":"2016-11-11T13:57:40","guid":{"rendered":"https:\/\/beauty.fiapp.com\/fr\/shop\/harmony-1014\/"},"modified":"2023-11-23T11:50:00","modified_gmt":"2023-11-23T10:50:00","slug":"harmony-1014-wu","status":"publish","type":"product","link":"https:\/\/fiapp.com\/fr\/harmony-1014-wu\/","title":{"rendered":"HARMONY 1014 WU : Harmonie et style dans votre salon"},"content":{"rendered":"","protected":false},"excerpt":{"rendered":"<h3>HARMONY 1014 WU<\/h3>\n<p>Bac pour coiffeur avec colonne inox bross\u00e9, vasque lave-t\u00eate en c\u00e9ramique inclinable art. 210, mitigeur et douchette chrom\u00e9s. Fauteuil avec bras inox bross\u00e9, habillage en simil-cuir.<\/p>\n","protected":false},"featured_media":19245,"comment_status":"closed","ping_status":"closed","template":"","meta":{"_acf_changed":false},"product_cat":[326],"product_tag":[],"class_list":["post-20482","product","type-product","status-publish","has-post-thumbnail","hentry","product_cat-bacs-coiffeur"],"acf":[],"_links":{"self":[{"href":"https:\/\/fiapp.com\/fr\/wp-json\/wp\/v2\/product\/20482"}],"collection":[{"href":"https:\/\/fiapp.com\/fr\/wp-json\/wp\/v2\/product"}],"about":[{"href":"https:\/\/fiapp.com\/fr\/wp-json\/wp\/v2\/types\/product"}],"replies":[{"embeddable":true,"href":"https:\/\/fiapp.com\/fr\/wp-json\/wp\/v2\/comments?post=20482"}],"wp:featuredmedia":[{"embeddable":true,"href":"https:\/\/fiapp.com\/fr\/wp-json\/wp\/v2\/media\/19245"}],"wp:attachment":[{"href":"https:\/\/fiapp.com\/fr\/wp-json\/wp\/v2\/media?parent=20482"}],"wp:term":[{"taxonomy":"product_cat","embeddable":true,"href":"https:\/\/fiapp.com\/fr\/wp-json\/wp\/v2\/product_cat?post=20482"},{"taxonomy":"product_tag","embeddable":true,"href":"https:\/\/fiapp.com\/fr\/wp-json\/wp\/v2\/product_tag?post=20482"}],"curies":[{"name":"wp","href":"https:\/\/api.w.org\/{rel}","templated":true}]}}