{"id":20484,"date":"2016-11-11T14:54:32","date_gmt":"2016-11-11T13:54:32","guid":{"rendered":"https:\/\/beauty.fiapp.com\/fr\/shop\/versailles-346\/"},"modified":"2023-11-23T14:13:40","modified_gmt":"2023-11-23T13:13:40","slug":"versailles-346","status":"publish","type":"product","link":"https:\/\/fiapp.com\/fr\/versailles-346\/","title":{"rendered":"Poste de travail \u00e9l\u00e9gant Versailles 346"},"content":{"rendered":"","protected":false},"excerpt":{"rendered":"<h3>VERSAILLES 346<\/h3>\n<p>Place de travail autoportant pour coiffeur, tiroir lat\u00e9ral; miroir biseaut\u00e9 avec support inox \u00e0 poser sur le plan de travail.<\/p>\n","protected":false},"featured_media":26664,"comment_status":"closed","ping_status":"closed","template":"","meta":{"_acf_changed":false},"product_cat":[328],"product_tag":[],"class_list":["post-20484","product","type-product","status-publish","has-post-thumbnail","hentry","product_cat-places-coiffage-coiffeur"],"acf":[],"_links":{"self":[{"href":"https:\/\/fiapp.com\/fr\/wp-json\/wp\/v2\/product\/20484"}],"collection":[{"href":"https:\/\/fiapp.com\/fr\/wp-json\/wp\/v2\/product"}],"about":[{"href":"https:\/\/fiapp.com\/fr\/wp-json\/wp\/v2\/types\/product"}],"replies":[{"embeddable":true,"href":"https:\/\/fiapp.com\/fr\/wp-json\/wp\/v2\/comments?post=20484"}],"wp:featuredmedia":[{"embeddable":true,"href":"https:\/\/fiapp.com\/fr\/wp-json\/wp\/v2\/media\/26664"}],"wp:attachment":[{"href":"https:\/\/fiapp.com\/fr\/wp-json\/wp\/v2\/media?parent=20484"}],"wp:term":[{"taxonomy":"product_cat","embeddable":true,"href":"https:\/\/fiapp.com\/fr\/wp-json\/wp\/v2\/product_cat?post=20484"},{"taxonomy":"product_tag","embeddable":true,"href":"https:\/\/fiapp.com\/fr\/wp-json\/wp\/v2\/product_tag?post=20484"}],"curies":[{"name":"wp","href":"https:\/\/api.w.org\/{rel}","templated":true}]}}