{"id":20494,"date":"2016-11-11T11:42:06","date_gmt":"2016-11-11T10:42:06","guid":{"rendered":"https:\/\/beauty.fiapp.com\/fr\/shop\/vincent-659\/"},"modified":"2023-11-23T14:19:09","modified_gmt":"2023-11-23T13:19:09","slug":"vincent-659a","status":"publish","type":"product","link":"https:\/\/fiapp.com\/fr\/vincent-659a\/","title":{"rendered":"Fauteuil Vincent 659 : Le nouveau standard de confort et de style"},"content":{"rendered":"","protected":false},"excerpt":{"rendered":"<h3>VINCENT 659A<\/h3>\n<p>Fauteuil de travail pour coiffeur, structure inox bross\u00e9, habillage en simil-cuir. Peut \u00eatre coupl\u00e9 avec la base carr\u00e9 UWC18.<\/p>\n","protected":false},"featured_media":18477,"comment_status":"closed","ping_status":"closed","template":"","meta":{"_acf_changed":false},"product_cat":[541],"product_tag":[],"class_list":["post-20494","product","type-product","status-publish","has-post-thumbnail","hentry","product_cat-fauteuils-de-travail-coiffeur"],"acf":[],"_links":{"self":[{"href":"https:\/\/fiapp.com\/fr\/wp-json\/wp\/v2\/product\/20494"}],"collection":[{"href":"https:\/\/fiapp.com\/fr\/wp-json\/wp\/v2\/product"}],"about":[{"href":"https:\/\/fiapp.com\/fr\/wp-json\/wp\/v2\/types\/product"}],"replies":[{"embeddable":true,"href":"https:\/\/fiapp.com\/fr\/wp-json\/wp\/v2\/comments?post=20494"}],"wp:featuredmedia":[{"embeddable":true,"href":"https:\/\/fiapp.com\/fr\/wp-json\/wp\/v2\/media\/18477"}],"wp:attachment":[{"href":"https:\/\/fiapp.com\/fr\/wp-json\/wp\/v2\/media?parent=20494"}],"wp:term":[{"taxonomy":"product_cat","embeddable":true,"href":"https:\/\/fiapp.com\/fr\/wp-json\/wp\/v2\/product_cat?post=20494"},{"taxonomy":"product_tag","embeddable":true,"href":"https:\/\/fiapp.com\/fr\/wp-json\/wp\/v2\/product_tag?post=20494"}],"curies":[{"name":"wp","href":"https:\/\/api.w.org\/{rel}","templated":true}]}}