{"id":26814,"date":"2020-07-06T14:58:17","date_gmt":"2020-07-06T12:58:17","guid":{"rendered":"https:\/\/beauty.fiapp.com\/shop\/senza-categoria\/godiva-1016-clem-wu-unita-lavaggio-per-parrucchiere\/"},"modified":"2023-11-22T13:07:59","modified_gmt":"2023-11-22T12:07:59","slug":"godiva-1016-clm-wu","status":"publish","type":"product","link":"https:\/\/fiapp.com\/fr\/godiva-1016-clm-wu\/","title":{"rendered":"Meuble de Lavage Coiffure GODIVA : Confort et Design"},"content":{"rendered":"","protected":false},"excerpt":{"rendered":"<h3>GODIVA 1016 CLM WU<\/h3>\n<p>Bac pour coiffeur avec colonne en t\u00f4le galvanis\u00e9e peinte, vasque en c\u00e9ramique inclinable art. 210, mitigeur et douchette chrom\u00e9s. Chaise longue habillage en simil-cuir. Option: paire d&#8217; accoudoirs en m\u00e9tal peinte.<\/p>\n","protected":false},"featured_media":26685,"comment_status":"closed","ping_status":"closed","template":"","meta":{"_acf_changed":false},"product_cat":[326],"product_tag":[],"class_list":["post-26814","product","type-product","status-publish","has-post-thumbnail","hentry","product_cat-bacs-coiffeur"],"acf":[],"_links":{"self":[{"href":"https:\/\/fiapp.com\/fr\/wp-json\/wp\/v2\/product\/26814"}],"collection":[{"href":"https:\/\/fiapp.com\/fr\/wp-json\/wp\/v2\/product"}],"about":[{"href":"https:\/\/fiapp.com\/fr\/wp-json\/wp\/v2\/types\/product"}],"replies":[{"embeddable":true,"href":"https:\/\/fiapp.com\/fr\/wp-json\/wp\/v2\/comments?post=26814"}],"wp:featuredmedia":[{"embeddable":true,"href":"https:\/\/fiapp.com\/fr\/wp-json\/wp\/v2\/media\/26685"}],"wp:attachment":[{"href":"https:\/\/fiapp.com\/fr\/wp-json\/wp\/v2\/media?parent=26814"}],"wp:term":[{"taxonomy":"product_cat","embeddable":true,"href":"https:\/\/fiapp.com\/fr\/wp-json\/wp\/v2\/product_cat?post=26814"},{"taxonomy":"product_tag","embeddable":true,"href":"https:\/\/fiapp.com\/fr\/wp-json\/wp\/v2\/product_tag?post=26814"}],"curies":[{"name":"wp","href":"https:\/\/api.w.org\/{rel}","templated":true}]}}