{"id":26820,"date":"2020-07-21T18:07:55","date_gmt":"2020-07-21T16:07:55","guid":{"rendered":"https:\/\/beauty.fiapp.com\/shop\/senza-categoria\/secrets-t16-3\/"},"modified":"2023-11-23T12:17:56","modified_gmt":"2023-11-23T11:17:56","slug":"secrets-t16-3","status":"publish","type":"product","link":"https:\/\/fiapp.com\/fr\/secrets-t16-3\/","title":{"rendered":"Table basse SECRETS T16 : laqu\u00e9e et fa\u00e7onn\u00e9e pour votre salon"},"content":{"rendered":"","protected":false},"excerpt":{"rendered":"<h3>SECRETS T16<\/h3>\n<p>Petit table laqu\u00e9 avec plateau fa\u00e7onn\u00e9.<\/p>\n","protected":false},"featured_media":26601,"comment_status":"closed","ping_status":"closed","template":"","meta":{"_acf_changed":false},"product_cat":[553,545,330,332],"product_tag":[],"class_list":["post-26820","product","type-product","status-publish","has-post-thumbnail","hentry","product_cat-tables-spa-nails","product_cat-tables-de-coiffure","product_cat-tabourets-et-tables-spa-nails","product_cat-tabourets-et-tables-coiffeur"],"acf":[],"_links":{"self":[{"href":"https:\/\/fiapp.com\/fr\/wp-json\/wp\/v2\/product\/26820"}],"collection":[{"href":"https:\/\/fiapp.com\/fr\/wp-json\/wp\/v2\/product"}],"about":[{"href":"https:\/\/fiapp.com\/fr\/wp-json\/wp\/v2\/types\/product"}],"replies":[{"embeddable":true,"href":"https:\/\/fiapp.com\/fr\/wp-json\/wp\/v2\/comments?post=26820"}],"wp:featuredmedia":[{"embeddable":true,"href":"https:\/\/fiapp.com\/fr\/wp-json\/wp\/v2\/media\/26601"}],"wp:attachment":[{"href":"https:\/\/fiapp.com\/fr\/wp-json\/wp\/v2\/media?parent=26820"}],"wp:term":[{"taxonomy":"product_cat","embeddable":true,"href":"https:\/\/fiapp.com\/fr\/wp-json\/wp\/v2\/product_cat?post=26820"},{"taxonomy":"product_tag","embeddable":true,"href":"https:\/\/fiapp.com\/fr\/wp-json\/wp\/v2\/product_tag?post=26820"}],"curies":[{"name":"wp","href":"https:\/\/api.w.org\/{rel}","templated":true}]}}