{"id":26825,"date":"2020-01-29T08:23:08","date_gmt":"2020-01-29T07:23:08","guid":{"rendered":"https:\/\/beauty.fiapp.com\/shop\/senza-categoria\/bubble-678\/"},"modified":"2023-11-22T09:14:22","modified_gmt":"2023-11-22T08:14:22","slug":"bubble-678","status":"publish","type":"product","link":"https:\/\/fiapp.com\/fr\/bubble-678\/","title":{"rendered":"Fauteuil Moderne BUBBLE 678 : Confort et Design Innovant pour les Salons"},"content":{"rendered":"","protected":false},"excerpt":{"rendered":"<h3>BUBBLE 678<\/h3>\n<p>Fauteuil de travail fa\u00e7onn\u00e9 pour coiffeur, habillage en simil-cuir. Peut \u00eatre coupl\u00e9 avec la base ronde UWC19 ou la base \u00e0 5 \u00e9toiles UWC16.<\/p>\n","protected":false},"featured_media":25310,"comment_status":"closed","ping_status":"closed","template":"","meta":{"_acf_changed":false},"product_cat":[541],"product_tag":[],"class_list":["post-26825","product","type-product","status-publish","has-post-thumbnail","hentry","product_cat-fauteuils-de-travail-coiffeur"],"acf":[],"_links":{"self":[{"href":"https:\/\/fiapp.com\/fr\/wp-json\/wp\/v2\/product\/26825"}],"collection":[{"href":"https:\/\/fiapp.com\/fr\/wp-json\/wp\/v2\/product"}],"about":[{"href":"https:\/\/fiapp.com\/fr\/wp-json\/wp\/v2\/types\/product"}],"replies":[{"embeddable":true,"href":"https:\/\/fiapp.com\/fr\/wp-json\/wp\/v2\/comments?post=26825"}],"wp:featuredmedia":[{"embeddable":true,"href":"https:\/\/fiapp.com\/fr\/wp-json\/wp\/v2\/media\/25310"}],"wp:attachment":[{"href":"https:\/\/fiapp.com\/fr\/wp-json\/wp\/v2\/media?parent=26825"}],"wp:term":[{"taxonomy":"product_cat","embeddable":true,"href":"https:\/\/fiapp.com\/fr\/wp-json\/wp\/v2\/product_cat?post=26825"},{"taxonomy":"product_tag","embeddable":true,"href":"https:\/\/fiapp.com\/fr\/wp-json\/wp\/v2\/product_tag?post=26825"}],"curies":[{"name":"wp","href":"https:\/\/api.w.org\/{rel}","templated":true}]}}