{"id":26829,"date":"2020-02-04T14:19:46","date_gmt":"2020-02-04T13:19:46","guid":{"rendered":"https:\/\/beauty.fiapp.com\/shop\/senza-categoria\/pony-p11l-sgabello-alto-con-poggiapiedi-per-parrucchiere-ed-estetista\/"},"modified":"2023-11-23T12:08:09","modified_gmt":"2023-11-23T11:08:09","slug":"pony-p11l","status":"publish","type":"product","link":"https:\/\/fiapp.com\/fr\/pony-p11l\/","title":{"rendered":"Tabouret haut ergonomique PONY P11L avec repose-pieds"},"content":{"rendered":"","protected":false},"excerpt":{"rendered":"<h3>PONY P11 L<\/h3>\n<p>Tabouret de coiffeur avec assise fa\u00e7onn\u00e9, habillage en simil-cuir, base \u00e0 5 \u00e9toiles, pompe \u00e0 gaz haute avec repose-pieds int\u00e9gr\u00e9.<\/p>\n","protected":false},"featured_media":26725,"comment_status":"closed","ping_status":"closed","template":"","meta":{"_acf_changed":false},"product_cat":[544,552,330,332],"product_tag":[],"class_list":["post-26829","product","type-product","status-publish","has-post-thumbnail","hentry","product_cat-pouf-et-tabourets-coiffeur","product_cat-pouf-et-tabourets-spa-nails","product_cat-tabourets-et-tables-spa-nails","product_cat-tabourets-et-tables-coiffeur"],"acf":[],"_links":{"self":[{"href":"https:\/\/fiapp.com\/fr\/wp-json\/wp\/v2\/product\/26829"}],"collection":[{"href":"https:\/\/fiapp.com\/fr\/wp-json\/wp\/v2\/product"}],"about":[{"href":"https:\/\/fiapp.com\/fr\/wp-json\/wp\/v2\/types\/product"}],"replies":[{"embeddable":true,"href":"https:\/\/fiapp.com\/fr\/wp-json\/wp\/v2\/comments?post=26829"}],"wp:featuredmedia":[{"embeddable":true,"href":"https:\/\/fiapp.com\/fr\/wp-json\/wp\/v2\/media\/26725"}],"wp:attachment":[{"href":"https:\/\/fiapp.com\/fr\/wp-json\/wp\/v2\/media?parent=26829"}],"wp:term":[{"taxonomy":"product_cat","embeddable":true,"href":"https:\/\/fiapp.com\/fr\/wp-json\/wp\/v2\/product_cat?post=26829"},{"taxonomy":"product_tag","embeddable":true,"href":"https:\/\/fiapp.com\/fr\/wp-json\/wp\/v2\/product_tag?post=26829"}],"curies":[{"name":"wp","href":"https:\/\/api.w.org\/{rel}","templated":true}]}}