{"id":26833,"date":"2020-06-05T10:54:58","date_gmt":"2020-06-05T08:54:58","guid":{"rendered":"https:\/\/beauty.fiapp.com\/shop\/senza-categoria\/vincent-659r-poltrona-reclinabile-per-parrucchiere-con-poggiatesta-e-poggiapiedi\/"},"modified":"2023-11-23T14:24:04","modified_gmt":"2023-11-23T13:24:04","slug":"fauteuil-inclinable-vincent-659r","status":"publish","type":"product","link":"https:\/\/fiapp.com\/fr\/fauteuil-inclinable-vincent-659r\/","title":{"rendered":"Fauteuil inclinable Vincent 659R : d\u00e9tente et style pour chaque client"},"content":{"rendered":"","protected":false},"excerpt":{"rendered":"<h3>VINCENT 659R<\/h3>\n<p>Fauteuil de travail pour coiffeur, structure inox bross\u00e9, habillage en simil-cuir. Repose-pieds int\u00e9gr\u00e9, repose-t\u00eate r\u00e9glable en hauteur, dossier rabattable. Peut \u00eatre coupl\u00e9 avec la base carr\u00e9 UWC18.<\/p>\n","protected":false},"featured_media":23971,"comment_status":"closed","ping_status":"closed","template":"","meta":{"_acf_changed":false},"product_cat":[542,540,541],"product_tag":[],"class_list":["post-26833","product","type-product","status-publish","has-post-thumbnail","hentry","product_cat-chaises-inclinables-coiffeur","product_cat-fauteuil-de-travail-pour-homme-coiffeur","product_cat-fauteuils-de-travail-coiffeur"],"acf":[],"_links":{"self":[{"href":"https:\/\/fiapp.com\/fr\/wp-json\/wp\/v2\/product\/26833"}],"collection":[{"href":"https:\/\/fiapp.com\/fr\/wp-json\/wp\/v2\/product"}],"about":[{"href":"https:\/\/fiapp.com\/fr\/wp-json\/wp\/v2\/types\/product"}],"replies":[{"embeddable":true,"href":"https:\/\/fiapp.com\/fr\/wp-json\/wp\/v2\/comments?post=26833"}],"wp:featuredmedia":[{"embeddable":true,"href":"https:\/\/fiapp.com\/fr\/wp-json\/wp\/v2\/media\/23971"}],"wp:attachment":[{"href":"https:\/\/fiapp.com\/fr\/wp-json\/wp\/v2\/media?parent=26833"}],"wp:term":[{"taxonomy":"product_cat","embeddable":true,"href":"https:\/\/fiapp.com\/fr\/wp-json\/wp\/v2\/product_cat?post=26833"},{"taxonomy":"product_tag","embeddable":true,"href":"https:\/\/fiapp.com\/fr\/wp-json\/wp\/v2\/product_tag?post=26833"}],"curies":[{"name":"wp","href":"https:\/\/api.w.org\/{rel}","templated":true}]}}