{"id":26837,"date":"2020-06-05T11:28:07","date_gmt":"2020-06-05T09:28:07","guid":{"rendered":"https:\/\/beauty.fiapp.com\/shop\/senza-categoria\/vincent-659b-poltrona-per-parrucchiere-con-poggiapiedi-e-poggiatesta\/"},"modified":"2023-11-23T14:21:15","modified_gmt":"2023-11-23T13:21:15","slug":"fauteuil-vincent-659b","status":"publish","type":"product","link":"https:\/\/fiapp.com\/fr\/fauteuil-vincent-659b\/","title":{"rendered":"Fauteuil Vincent 659B : un confort supr\u00eame pour votre salon"},"content":{"rendered":"","protected":false},"excerpt":{"rendered":"<h3>VINCENT 659B<\/h3>\n<p>Fauteuil de travail pour coiffeur, structure inox bross\u00e9, repose-pieds int\u00e9gr\u00e9, habillage en simil-cuir. Peut \u00eatre coupl\u00e9 avec la base carr\u00e9 UWC18.<\/p>\n","protected":false},"featured_media":23985,"comment_status":"closed","ping_status":"closed","template":"","meta":{"_acf_changed":false},"product_cat":[541],"product_tag":[],"class_list":["post-26837","product","type-product","status-publish","has-post-thumbnail","hentry","product_cat-fauteuils-de-travail-coiffeur"],"acf":[],"_links":{"self":[{"href":"https:\/\/fiapp.com\/fr\/wp-json\/wp\/v2\/product\/26837"}],"collection":[{"href":"https:\/\/fiapp.com\/fr\/wp-json\/wp\/v2\/product"}],"about":[{"href":"https:\/\/fiapp.com\/fr\/wp-json\/wp\/v2\/types\/product"}],"replies":[{"embeddable":true,"href":"https:\/\/fiapp.com\/fr\/wp-json\/wp\/v2\/comments?post=26837"}],"wp:featuredmedia":[{"embeddable":true,"href":"https:\/\/fiapp.com\/fr\/wp-json\/wp\/v2\/media\/23985"}],"wp:attachment":[{"href":"https:\/\/fiapp.com\/fr\/wp-json\/wp\/v2\/media?parent=26837"}],"wp:term":[{"taxonomy":"product_cat","embeddable":true,"href":"https:\/\/fiapp.com\/fr\/wp-json\/wp\/v2\/product_cat?post=26837"},{"taxonomy":"product_tag","embeddable":true,"href":"https:\/\/fiapp.com\/fr\/wp-json\/wp\/v2\/product_tag?post=26837"}],"curies":[{"name":"wp","href":"https:\/\/api.w.org\/{rel}","templated":true}]}}