{"id":26841,"date":"2020-06-05T11:37:24","date_gmt":"2020-06-05T09:37:24","guid":{"rendered":"https:\/\/beauty.fiapp.com\/shop\/senza-categoria\/men-a90-poltrona-da-uomo-vintage-per-parrucchiere\/"},"modified":"2023-11-23T11:46:08","modified_gmt":"2023-11-23T10:46:08","slug":"men-a90","status":"publish","type":"product","link":"https:\/\/fiapp.com\/fr\/men-a90\/","title":{"rendered":"Fauteuil pour homme MEN A90 : vintage et innovant"},"content":{"rendered":"","protected":false},"excerpt":{"rendered":"<h3>MEN A90<\/h3>\n<p>Fauteuil de travail homme vintage pour coiffeur avec dossier rabattable, repose-pieds en plaque d&#8217;aluminium moul\u00e9 et repose-t\u00eate r\u00e9glable en hauteur. Habillage en simil-cuir. Peut \u00eatre coupl\u00e9 avec la base carr\u00e9 UWC18D.<\/p>\n","protected":false},"featured_media":23989,"comment_status":"closed","ping_status":"closed","template":"","meta":{"_acf_changed":false},"product_cat":[542,540,541],"product_tag":[],"class_list":["post-26841","product","type-product","status-publish","has-post-thumbnail","hentry","product_cat-chaises-inclinables-coiffeur","product_cat-fauteuil-de-travail-pour-homme-coiffeur","product_cat-fauteuils-de-travail-coiffeur"],"acf":[],"_links":{"self":[{"href":"https:\/\/fiapp.com\/fr\/wp-json\/wp\/v2\/product\/26841"}],"collection":[{"href":"https:\/\/fiapp.com\/fr\/wp-json\/wp\/v2\/product"}],"about":[{"href":"https:\/\/fiapp.com\/fr\/wp-json\/wp\/v2\/types\/product"}],"replies":[{"embeddable":true,"href":"https:\/\/fiapp.com\/fr\/wp-json\/wp\/v2\/comments?post=26841"}],"wp:featuredmedia":[{"embeddable":true,"href":"https:\/\/fiapp.com\/fr\/wp-json\/wp\/v2\/media\/23989"}],"wp:attachment":[{"href":"https:\/\/fiapp.com\/fr\/wp-json\/wp\/v2\/media?parent=26841"}],"wp:term":[{"taxonomy":"product_cat","embeddable":true,"href":"https:\/\/fiapp.com\/fr\/wp-json\/wp\/v2\/product_cat?post=26841"},{"taxonomy":"product_tag","embeddable":true,"href":"https:\/\/fiapp.com\/fr\/wp-json\/wp\/v2\/product_tag?post=26841"}],"curies":[{"name":"wp","href":"https:\/\/api.w.org\/{rel}","templated":true}]}}