{"id":26845,"date":"2020-06-09T16:22:58","date_gmt":"2020-06-09T14:22:58","guid":{"rendered":"https:\/\/beauty.fiapp.com\/shop\/senza-categoria\/diablo-666r-poltrona-reclinabile-per-parrucchiere\/"},"modified":"2023-11-22T12:52:46","modified_gmt":"2023-11-22T11:52:46","slug":"diablo-666r","status":"publish","type":"product","link":"https:\/\/fiapp.com\/fr\/diablo-666r\/","title":{"rendered":"Fauteuil inclinable professionnel DIABLO 666R"},"content":{"rendered":"","protected":false},"excerpt":{"rendered":"<h3>DIABLO 666R<\/h3>\n<p>Fauteuil de travail pour coiffeur habillage en simil-cuir, repose-t\u00eate r\u00e9glable en hauteur, dossier rabattable. Peut \u00eatre coupl\u00e9 avec la base carr\u00e9 UWC18D. Option: repose-pieds inox bross\u00e9.<\/p>\n","protected":false},"featured_media":24042,"comment_status":"closed","ping_status":"closed","template":"","meta":{"_acf_changed":false},"product_cat":[542,540,541],"product_tag":[],"class_list":["post-26845","product","type-product","status-publish","has-post-thumbnail","hentry","product_cat-chaises-inclinables-coiffeur","product_cat-fauteuil-de-travail-pour-homme-coiffeur","product_cat-fauteuils-de-travail-coiffeur"],"acf":[],"_links":{"self":[{"href":"https:\/\/fiapp.com\/fr\/wp-json\/wp\/v2\/product\/26845"}],"collection":[{"href":"https:\/\/fiapp.com\/fr\/wp-json\/wp\/v2\/product"}],"about":[{"href":"https:\/\/fiapp.com\/fr\/wp-json\/wp\/v2\/types\/product"}],"replies":[{"embeddable":true,"href":"https:\/\/fiapp.com\/fr\/wp-json\/wp\/v2\/comments?post=26845"}],"wp:featuredmedia":[{"embeddable":true,"href":"https:\/\/fiapp.com\/fr\/wp-json\/wp\/v2\/media\/24042"}],"wp:attachment":[{"href":"https:\/\/fiapp.com\/fr\/wp-json\/wp\/v2\/media?parent=26845"}],"wp:term":[{"taxonomy":"product_cat","embeddable":true,"href":"https:\/\/fiapp.com\/fr\/wp-json\/wp\/v2\/product_cat?post=26845"},{"taxonomy":"product_tag","embeddable":true,"href":"https:\/\/fiapp.com\/fr\/wp-json\/wp\/v2\/product_tag?post=26845"}],"curies":[{"name":"wp","href":"https:\/\/api.w.org\/{rel}","templated":true}]}}