{"id":26849,"date":"2020-06-09T16:28:00","date_gmt":"2020-06-09T14:28:00","guid":{"rendered":"https:\/\/beauty.fiapp.com\/shop\/senza-categoria\/caroline-670r-poltrona-reclinabile-per-parrucchiere\/"},"modified":"2023-11-22T09:17:00","modified_gmt":"2023-11-22T08:17:00","slug":"caroline-670r","status":"publish","type":"product","link":"https:\/\/fiapp.com\/fr\/caroline-670r\/","title":{"rendered":"Fauteuil inclinable CAROLINE 670R : D\u00e9tente et luxe pour votre salon"},"content":{"rendered":"","protected":false},"excerpt":{"rendered":"<h3>CAROLINE 670R<\/h3>\n<p>Fauteuil de travail pour coiffeur habillage en simil-cuir, repose-t\u00eate r\u00e9glable en hauteur, dossier rabattable. Peut \u00eatre coupl\u00e9 avec la base carr\u00e9 UWC18. Option: repose-pieds inox bross\u00e9.<\/p>\n","protected":false},"featured_media":24052,"comment_status":"closed","ping_status":"closed","template":"","meta":{"_acf_changed":false},"product_cat":[542,540,541],"product_tag":[],"class_list":["post-26849","product","type-product","status-publish","has-post-thumbnail","hentry","product_cat-chaises-inclinables-coiffeur","product_cat-fauteuil-de-travail-pour-homme-coiffeur","product_cat-fauteuils-de-travail-coiffeur"],"acf":[],"_links":{"self":[{"href":"https:\/\/fiapp.com\/fr\/wp-json\/wp\/v2\/product\/26849"}],"collection":[{"href":"https:\/\/fiapp.com\/fr\/wp-json\/wp\/v2\/product"}],"about":[{"href":"https:\/\/fiapp.com\/fr\/wp-json\/wp\/v2\/types\/product"}],"replies":[{"embeddable":true,"href":"https:\/\/fiapp.com\/fr\/wp-json\/wp\/v2\/comments?post=26849"}],"wp:featuredmedia":[{"embeddable":true,"href":"https:\/\/fiapp.com\/fr\/wp-json\/wp\/v2\/media\/24052"}],"wp:attachment":[{"href":"https:\/\/fiapp.com\/fr\/wp-json\/wp\/v2\/media?parent=26849"}],"wp:term":[{"taxonomy":"product_cat","embeddable":true,"href":"https:\/\/fiapp.com\/fr\/wp-json\/wp\/v2\/product_cat?post=26849"},{"taxonomy":"product_tag","embeddable":true,"href":"https:\/\/fiapp.com\/fr\/wp-json\/wp\/v2\/product_tag?post=26849"}],"curies":[{"name":"wp","href":"https:\/\/api.w.org\/{rel}","templated":true}]}}