{"id":26853,"date":"2020-06-09T16:35:01","date_gmt":"2020-06-09T14:35:01","guid":{"rendered":"https:\/\/beauty.fiapp.com\/shop\/senza-categoria\/bubble-678r-poltrona-reclinabile-per-parrucchiere\/"},"modified":"2023-11-22T09:15:10","modified_gmt":"2023-11-22T08:15:10","slug":"bubble-678r-poltrona-reclinabile-per-parrucchiere","status":"publish","type":"product","link":"https:\/\/fiapp.com\/fr\/bubble-678r-poltrona-reclinabile-per-parrucchiere\/","title":{"rendered":"Fauteuil inclinable BUBBLE 678R : d\u00e9tente et style pour une client\u00e8le exigeante"},"content":{"rendered":"","protected":false},"excerpt":{"rendered":"<h3>BUBBLE 678R<\/h3>\n<p>Fauteuil de travail pour coiffeur habillage en simil-cuir, repose-t\u00eate r\u00e9glable en hauteur, dossier rabattable. Peut \u00eatre coupl\u00e9 avec la base ronde UWC19 ou la base \u00e0 5 \u00e9toiles UWC16.<\/p>\n","protected":false},"featured_media":22151,"comment_status":"closed","ping_status":"closed","template":"","meta":{"_acf_changed":false},"product_cat":[542,541],"product_tag":[],"class_list":["post-26853","product","type-product","status-publish","has-post-thumbnail","hentry","product_cat-chaises-inclinables-coiffeur","product_cat-fauteuils-de-travail-coiffeur"],"acf":[],"_links":{"self":[{"href":"https:\/\/fiapp.com\/fr\/wp-json\/wp\/v2\/product\/26853"}],"collection":[{"href":"https:\/\/fiapp.com\/fr\/wp-json\/wp\/v2\/product"}],"about":[{"href":"https:\/\/fiapp.com\/fr\/wp-json\/wp\/v2\/types\/product"}],"replies":[{"embeddable":true,"href":"https:\/\/fiapp.com\/fr\/wp-json\/wp\/v2\/comments?post=26853"}],"wp:featuredmedia":[{"embeddable":true,"href":"https:\/\/fiapp.com\/fr\/wp-json\/wp\/v2\/media\/22151"}],"wp:attachment":[{"href":"https:\/\/fiapp.com\/fr\/wp-json\/wp\/v2\/media?parent=26853"}],"wp:term":[{"taxonomy":"product_cat","embeddable":true,"href":"https:\/\/fiapp.com\/fr\/wp-json\/wp\/v2\/product_cat?post=26853"},{"taxonomy":"product_tag","embeddable":true,"href":"https:\/\/fiapp.com\/fr\/wp-json\/wp\/v2\/product_tag?post=26853"}],"curies":[{"name":"wp","href":"https:\/\/api.w.org\/{rel}","templated":true}]}}