{"id":26857,"date":"2020-06-09T18:01:20","date_gmt":"2020-06-09T16:01:20","guid":{"rendered":"https:\/\/beauty.fiapp.com\/shop\/senza-categoria\/basic-p06-sgabello-per-parrucchiere-ed-estetista\/"},"modified":"2023-11-21T17:54:05","modified_gmt":"2023-11-21T16:54:05","slug":"basic-p06-sgabello-per-parrucchiere-ed-estetista","status":"publish","type":"product","link":"https:\/\/fiapp.com\/fr\/basic-p06-sgabello-per-parrucchiere-ed-estetista\/","title":{"rendered":"Tabouret pratique BASIC P06 : confort et fonctionnalit\u00e9 pour les professionnels"},"content":{"rendered":"","protected":false},"excerpt":{"rendered":"<h3>BASIC P06<\/h3>\n<p>Tabouret de coiffeur avec assise ronde et dossier courbe, habillage en simil-cuir, base \u00e0 5 \u00e9toiles, pompe \u00e0 gaz.<\/p>\n","protected":false},"featured_media":25335,"comment_status":"closed","ping_status":"closed","template":"","meta":{"_acf_changed":false},"product_cat":[544,552,332,330],"product_tag":[],"class_list":["post-26857","product","type-product","status-publish","has-post-thumbnail","hentry","product_cat-pouf-et-tabourets-coiffeur","product_cat-pouf-et-tabourets-spa-nails","product_cat-tabourets-et-tables-coiffeur","product_cat-tabourets-et-tables-spa-nails"],"acf":[],"_links":{"self":[{"href":"https:\/\/fiapp.com\/fr\/wp-json\/wp\/v2\/product\/26857"}],"collection":[{"href":"https:\/\/fiapp.com\/fr\/wp-json\/wp\/v2\/product"}],"about":[{"href":"https:\/\/fiapp.com\/fr\/wp-json\/wp\/v2\/types\/product"}],"replies":[{"embeddable":true,"href":"https:\/\/fiapp.com\/fr\/wp-json\/wp\/v2\/comments?post=26857"}],"wp:featuredmedia":[{"embeddable":true,"href":"https:\/\/fiapp.com\/fr\/wp-json\/wp\/v2\/media\/25335"}],"wp:attachment":[{"href":"https:\/\/fiapp.com\/fr\/wp-json\/wp\/v2\/media?parent=26857"}],"wp:term":[{"taxonomy":"product_cat","embeddable":true,"href":"https:\/\/fiapp.com\/fr\/wp-json\/wp\/v2\/product_cat?post=26857"},{"taxonomy":"product_tag","embeddable":true,"href":"https:\/\/fiapp.com\/fr\/wp-json\/wp\/v2\/product_tag?post=26857"}],"curies":[{"name":"wp","href":"https:\/\/api.w.org\/{rel}","templated":true}]}}