{"id":26861,"date":"2020-06-19T17:58:48","date_gmt":"2020-06-19T15:58:48","guid":{"rendered":"https:\/\/beauty.fiapp.com\/shop\/senza-categoria\/ambra-p22-sgabello-per-parrucchiere-ed-estetista-2\/"},"modified":"2023-11-21T17:47:50","modified_gmt":"2023-11-21T16:47:50","slug":"ambra-p22-sgabello-per-parrucchiere-ed-estetista-2","status":"publish","type":"product","link":"https:\/\/fiapp.com\/fr\/ambra-p22-sgabello-per-parrucchiere-ed-estetista-2\/","title":{"rendered":"Tabouret Polyvalent AMBRA P22 : Design et Confort pour les Esth\u00e9ticiennes"},"content":{"rendered":"","protected":false},"excerpt":{"rendered":"<h3>AMBRA P22<\/h3>\n<p>Tabouret de coiffeur habillage en simil-cuir, base \u00e0 5 \u00e9toiles, pompe \u00e0 gaz.<\/p>\n","protected":false},"featured_media":26776,"comment_status":"closed","ping_status":"closed","template":"","meta":{"_acf_changed":false},"product_cat":[552,544,330,332],"product_tag":[],"class_list":["post-26861","product","type-product","status-publish","has-post-thumbnail","hentry","product_cat-pouf-et-tabourets-spa-nails","product_cat-pouf-et-tabourets-coiffeur","product_cat-tabourets-et-tables-spa-nails","product_cat-tabourets-et-tables-coiffeur"],"acf":[],"_links":{"self":[{"href":"https:\/\/fiapp.com\/fr\/wp-json\/wp\/v2\/product\/26861"}],"collection":[{"href":"https:\/\/fiapp.com\/fr\/wp-json\/wp\/v2\/product"}],"about":[{"href":"https:\/\/fiapp.com\/fr\/wp-json\/wp\/v2\/types\/product"}],"replies":[{"embeddable":true,"href":"https:\/\/fiapp.com\/fr\/wp-json\/wp\/v2\/comments?post=26861"}],"wp:featuredmedia":[{"embeddable":true,"href":"https:\/\/fiapp.com\/fr\/wp-json\/wp\/v2\/media\/26776"}],"wp:attachment":[{"href":"https:\/\/fiapp.com\/fr\/wp-json\/wp\/v2\/media?parent=26861"}],"wp:term":[{"taxonomy":"product_cat","embeddable":true,"href":"https:\/\/fiapp.com\/fr\/wp-json\/wp\/v2\/product_cat?post=26861"},{"taxonomy":"product_tag","embeddable":true,"href":"https:\/\/fiapp.com\/fr\/wp-json\/wp\/v2\/product_tag?post=26861"}],"curies":[{"name":"wp","href":"https:\/\/api.w.org\/{rel}","templated":true}]}}