{"id":26866,"date":"2020-06-19T18:35:07","date_gmt":"2020-06-19T16:35:07","guid":{"rendered":"https:\/\/beauty.fiapp.com\/shop\/senza-categoria\/urban-p18l-sgabello-alto-per-parrucchiere-ed-estetista\/"},"modified":"2023-11-23T14:09:53","modified_gmt":"2023-11-23T13:09:53","slug":"urban-p18l","status":"publish","type":"product","link":"https:\/\/fiapp.com\/fr\/urban-p18l\/","title":{"rendered":"Tabouret haut URBAN P18L avec repose-pieds pour un confort sup\u00e9rieur"},"content":{"rendered":"","protected":false},"excerpt":{"rendered":"<h3>URBAN P18L<\/h3>\n<p>Tabouret de coiffeur avec assise fa\u00e7onn\u00e9 et dossier courbe, habillage en simil-cuir, base \u00e0 5 \u00e9toiles, pompe \u00e0 gaz haute avec repose-pieds int\u00e9gr\u00e9.<\/p>\n","protected":false},"featured_media":26749,"comment_status":"closed","ping_status":"closed","template":"","meta":{"_acf_changed":false},"product_cat":[544,552,330,332],"product_tag":[],"class_list":["post-26866","product","type-product","status-publish","has-post-thumbnail","hentry","product_cat-pouf-et-tabourets-coiffeur","product_cat-pouf-et-tabourets-spa-nails","product_cat-tabourets-et-tables-spa-nails","product_cat-tabourets-et-tables-coiffeur"],"acf":[],"_links":{"self":[{"href":"https:\/\/fiapp.com\/fr\/wp-json\/wp\/v2\/product\/26866"}],"collection":[{"href":"https:\/\/fiapp.com\/fr\/wp-json\/wp\/v2\/product"}],"about":[{"href":"https:\/\/fiapp.com\/fr\/wp-json\/wp\/v2\/types\/product"}],"replies":[{"embeddable":true,"href":"https:\/\/fiapp.com\/fr\/wp-json\/wp\/v2\/comments?post=26866"}],"wp:featuredmedia":[{"embeddable":true,"href":"https:\/\/fiapp.com\/fr\/wp-json\/wp\/v2\/media\/26749"}],"wp:attachment":[{"href":"https:\/\/fiapp.com\/fr\/wp-json\/wp\/v2\/media?parent=26866"}],"wp:term":[{"taxonomy":"product_cat","embeddable":true,"href":"https:\/\/fiapp.com\/fr\/wp-json\/wp\/v2\/product_cat?post=26866"},{"taxonomy":"product_tag","embeddable":true,"href":"https:\/\/fiapp.com\/fr\/wp-json\/wp\/v2\/product_tag?post=26866"}],"curies":[{"name":"wp","href":"https:\/\/api.w.org\/{rel}","templated":true}]}}