{"id":26870,"date":"2020-06-19T18:40:09","date_gmt":"2020-06-19T16:40:09","guid":{"rendered":"https:\/\/beauty.fiapp.com\/shop\/senza-categoria\/squared-p20l-sgabello-alto-per-parrucchiere-ed-estetista\/"},"modified":"2023-11-23T12:48:09","modified_gmt":"2023-11-23T11:48:09","slug":"squared-p20l","status":"publish","type":"product","link":"https:\/\/fiapp.com\/fr\/squared-p20l\/","title":{"rendered":"Tabouret haut ergonomique Squared P20L pour esth\u00e9ticienne"},"content":{"rendered":"","protected":false},"excerpt":{"rendered":"<h3>SQUARED P20L<\/h3>\n<p>Tabouret de coiffeur avec petit dossier, habillage en simil-cuir, base \u00e0 5 \u00e9toiles, pompe \u00e0 gaz haute avec repose-pieds int\u00e9gr\u00e9.<\/p>\n","protected":false},"featured_media":26767,"comment_status":"closed","ping_status":"closed","template":"","meta":{"_acf_changed":false},"product_cat":[544,552,330,332],"product_tag":[],"class_list":["post-26870","product","type-product","status-publish","has-post-thumbnail","hentry","product_cat-pouf-et-tabourets-coiffeur","product_cat-pouf-et-tabourets-spa-nails","product_cat-tabourets-et-tables-spa-nails","product_cat-tabourets-et-tables-coiffeur"],"acf":[],"_links":{"self":[{"href":"https:\/\/fiapp.com\/fr\/wp-json\/wp\/v2\/product\/26870"}],"collection":[{"href":"https:\/\/fiapp.com\/fr\/wp-json\/wp\/v2\/product"}],"about":[{"href":"https:\/\/fiapp.com\/fr\/wp-json\/wp\/v2\/types\/product"}],"replies":[{"embeddable":true,"href":"https:\/\/fiapp.com\/fr\/wp-json\/wp\/v2\/comments?post=26870"}],"wp:featuredmedia":[{"embeddable":true,"href":"https:\/\/fiapp.com\/fr\/wp-json\/wp\/v2\/media\/26767"}],"wp:attachment":[{"href":"https:\/\/fiapp.com\/fr\/wp-json\/wp\/v2\/media?parent=26870"}],"wp:term":[{"taxonomy":"product_cat","embeddable":true,"href":"https:\/\/fiapp.com\/fr\/wp-json\/wp\/v2\/product_cat?post=26870"},{"taxonomy":"product_tag","embeddable":true,"href":"https:\/\/fiapp.com\/fr\/wp-json\/wp\/v2\/product_tag?post=26870"}],"curies":[{"name":"wp","href":"https:\/\/api.w.org\/{rel}","templated":true}]}}