{"id":26874,"date":"2020-07-06T14:47:15","date_gmt":"2020-07-06T12:47:15","guid":{"rendered":"https:\/\/beauty.fiapp.com\/shop\/senza-categoria\/vincent-659c-poltrona-per-parrucchiere-con-poggiatesta\/"},"modified":"2023-11-23T14:22:00","modified_gmt":"2023-11-23T13:22:00","slug":"vincent-659c","status":"publish","type":"product","link":"https:\/\/fiapp.com\/fr\/vincent-659c\/","title":{"rendered":"Fauteuil Vincent 659C : confort et style personnalis\u00e9s"},"content":{"rendered":"","protected":false},"excerpt":{"rendered":"<h3>VINCENT 659C<\/h3>\n<p>Fauteuil de travail pour coiffeur avec structure inox bross\u00e9, habillage en simil-cuir. Repose-t\u00eate r\u00e9glable en hauteur. Peut \u00eatre coupl\u00e9 avec la base carr\u00e9 UWC18.<\/p>\n","protected":false},"featured_media":21529,"comment_status":"closed","ping_status":"closed","template":"","meta":{"_acf_changed":false},"product_cat":[541],"product_tag":[],"class_list":["post-26874","product","type-product","status-publish","has-post-thumbnail","hentry","product_cat-fauteuils-de-travail-coiffeur"],"acf":[],"_links":{"self":[{"href":"https:\/\/fiapp.com\/fr\/wp-json\/wp\/v2\/product\/26874"}],"collection":[{"href":"https:\/\/fiapp.com\/fr\/wp-json\/wp\/v2\/product"}],"about":[{"href":"https:\/\/fiapp.com\/fr\/wp-json\/wp\/v2\/types\/product"}],"replies":[{"embeddable":true,"href":"https:\/\/fiapp.com\/fr\/wp-json\/wp\/v2\/comments?post=26874"}],"wp:featuredmedia":[{"embeddable":true,"href":"https:\/\/fiapp.com\/fr\/wp-json\/wp\/v2\/media\/21529"}],"wp:attachment":[{"href":"https:\/\/fiapp.com\/fr\/wp-json\/wp\/v2\/media?parent=26874"}],"wp:term":[{"taxonomy":"product_cat","embeddable":true,"href":"https:\/\/fiapp.com\/fr\/wp-json\/wp\/v2\/product_cat?post=26874"},{"taxonomy":"product_tag","embeddable":true,"href":"https:\/\/fiapp.com\/fr\/wp-json\/wp\/v2\/product_tag?post=26874"}],"curies":[{"name":"wp","href":"https:\/\/api.w.org\/{rel}","templated":true}]}}