{"id":26878,"date":"2020-07-06T14:48:12","date_gmt":"2020-07-06T12:48:12","guid":{"rendered":"https:\/\/beauty.fiapp.com\/shop\/senza-categoria\/vincent-659d-poltrona-per-parrucchiere-con-poggiapiedi\/"},"modified":"2023-11-23T14:22:46","modified_gmt":"2023-11-23T13:22:46","slug":"vincent-659d","status":"publish","type":"product","link":"https:\/\/fiapp.com\/fr\/vincent-659d\/","title":{"rendered":"Fauteuil Vincent 659D : \u00e9l\u00e9gance et confort pour votre salon"},"content":{"rendered":"","protected":false},"excerpt":{"rendered":"<h3>VINCENT 659D<\/h3>\n<p>Fauteuil de travail pour coiffeur avec structure inox bross\u00e9, habillage en simil-cuir. Repose-pieds int\u00e9gr\u00e9. Peut \u00eatre coupl\u00e9 avec la base carr\u00e9 UWC18.<\/p>\n","protected":false},"featured_media":21521,"comment_status":"closed","ping_status":"closed","template":"","meta":{"_acf_changed":false},"product_cat":[541],"product_tag":[],"class_list":["post-26878","product","type-product","status-publish","has-post-thumbnail","hentry","product_cat-fauteuils-de-travail-coiffeur"],"acf":[],"_links":{"self":[{"href":"https:\/\/fiapp.com\/fr\/wp-json\/wp\/v2\/product\/26878"}],"collection":[{"href":"https:\/\/fiapp.com\/fr\/wp-json\/wp\/v2\/product"}],"about":[{"href":"https:\/\/fiapp.com\/fr\/wp-json\/wp\/v2\/types\/product"}],"replies":[{"embeddable":true,"href":"https:\/\/fiapp.com\/fr\/wp-json\/wp\/v2\/comments?post=26878"}],"wp:featuredmedia":[{"embeddable":true,"href":"https:\/\/fiapp.com\/fr\/wp-json\/wp\/v2\/media\/21521"}],"wp:attachment":[{"href":"https:\/\/fiapp.com\/fr\/wp-json\/wp\/v2\/media?parent=26878"}],"wp:term":[{"taxonomy":"product_cat","embeddable":true,"href":"https:\/\/fiapp.com\/fr\/wp-json\/wp\/v2\/product_cat?post=26878"},{"taxonomy":"product_tag","embeddable":true,"href":"https:\/\/fiapp.com\/fr\/wp-json\/wp\/v2\/product_tag?post=26878"}],"curies":[{"name":"wp","href":"https:\/\/api.w.org\/{rel}","templated":true}]}}