{"id":26886,"date":"2020-07-06T14:52:28","date_gmt":"2020-07-06T12:52:28","guid":{"rendered":"https:\/\/beauty.fiapp.com\/shop\/senza-categoria\/light-673-poltrona-per-parrucchiere\/"},"modified":"2023-11-23T11:00:44","modified_gmt":"2023-11-23T10:00:44","slug":"light-673-2","status":"publish","type":"product","link":"https:\/\/fiapp.com\/fr\/light-673-2\/","title":{"rendered":"Fauteuil de coiffure Light 673 : confort et style"},"content":{"rendered":"","protected":false},"excerpt":{"rendered":"<h3>LIGHT 673<\/h3>\n<p>Fauteuil de travail pour coiffeur, habillage en simil-cuir. Peut \u00eatre coupl\u00e9 avec la base carr\u00e9 UWC18 ou la base \u00e0 5 \u00e9toiles UWC16.<\/p>\n","protected":false},"featured_media":26152,"comment_status":"closed","ping_status":"closed","template":"","meta":{"_acf_changed":false},"product_cat":[541],"product_tag":[],"class_list":["post-26886","product","type-product","status-publish","has-post-thumbnail","hentry","product_cat-fauteuils-de-travail-coiffeur"],"acf":[],"_links":{"self":[{"href":"https:\/\/fiapp.com\/fr\/wp-json\/wp\/v2\/product\/26886"}],"collection":[{"href":"https:\/\/fiapp.com\/fr\/wp-json\/wp\/v2\/product"}],"about":[{"href":"https:\/\/fiapp.com\/fr\/wp-json\/wp\/v2\/types\/product"}],"replies":[{"embeddable":true,"href":"https:\/\/fiapp.com\/fr\/wp-json\/wp\/v2\/comments?post=26886"}],"wp:featuredmedia":[{"embeddable":true,"href":"https:\/\/fiapp.com\/fr\/wp-json\/wp\/v2\/media\/26152"}],"wp:attachment":[{"href":"https:\/\/fiapp.com\/fr\/wp-json\/wp\/v2\/media?parent=26886"}],"wp:term":[{"taxonomy":"product_cat","embeddable":true,"href":"https:\/\/fiapp.com\/fr\/wp-json\/wp\/v2\/product_cat?post=26886"},{"taxonomy":"product_tag","embeddable":true,"href":"https:\/\/fiapp.com\/fr\/wp-json\/wp\/v2\/product_tag?post=26886"}],"curies":[{"name":"wp","href":"https:\/\/api.w.org\/{rel}","templated":true}]}}