{"id":26891,"date":"2020-07-06T15:00:18","date_gmt":"2020-07-06T13:00:18","guid":{"rendered":"https:\/\/beauty.fiapp.com\/shop\/senza-categoria\/diablo-1019l-wu-2p-unita-di-lavaggio-per-parrucchiere-a-2-posti\/"},"modified":"2023-11-22T12:45:41","modified_gmt":"2023-11-22T11:45:41","slug":"diablo-1019l-wu-2p-unita-di-lavaggio-per-parrucchiere-a-2-posti","status":"publish","type":"product","link":"https:\/\/fiapp.com\/fr\/diablo-1019l-wu-2p-unita-di-lavaggio-per-parrucchiere-a-2-posti\/","title":{"rendered":"DIABLO 1019L WU 2P : Innovation et confort dans l&#8217;unit\u00e9 de lavage"},"content":{"rendered":"","protected":false},"excerpt":{"rendered":"<h3>DIABLO 1019L WU 2P<\/h3>\n<p>Bac pour coiffeur \u00e0 2 postes, canap\u00e9 lin\u00e9aire habillage en simil-cuir, 2 colonnes inox bross\u00e9, 2 vasques en c\u00e9ramique inclinables art. 210, mitigeurs et douchettes chrom\u00e9s (disponibile version \u00e0 3 postes).<\/p>\n","protected":false},"featured_media":26697,"comment_status":"closed","ping_status":"closed","template":"","meta":{"_acf_changed":false},"product_cat":[326],"product_tag":[],"class_list":["post-26891","product","type-product","status-publish","has-post-thumbnail","hentry","product_cat-bacs-coiffeur"],"acf":[],"_links":{"self":[{"href":"https:\/\/fiapp.com\/fr\/wp-json\/wp\/v2\/product\/26891"}],"collection":[{"href":"https:\/\/fiapp.com\/fr\/wp-json\/wp\/v2\/product"}],"about":[{"href":"https:\/\/fiapp.com\/fr\/wp-json\/wp\/v2\/types\/product"}],"replies":[{"embeddable":true,"href":"https:\/\/fiapp.com\/fr\/wp-json\/wp\/v2\/comments?post=26891"}],"wp:featuredmedia":[{"embeddable":true,"href":"https:\/\/fiapp.com\/fr\/wp-json\/wp\/v2\/media\/26697"}],"wp:attachment":[{"href":"https:\/\/fiapp.com\/fr\/wp-json\/wp\/v2\/media?parent=26891"}],"wp:term":[{"taxonomy":"product_cat","embeddable":true,"href":"https:\/\/fiapp.com\/fr\/wp-json\/wp\/v2\/product_cat?post=26891"},{"taxonomy":"product_tag","embeddable":true,"href":"https:\/\/fiapp.com\/fr\/wp-json\/wp\/v2\/product_tag?post=26891"}],"curies":[{"name":"wp","href":"https:\/\/api.w.org\/{rel}","templated":true}]}}