{"id":26903,"date":"2020-07-06T15:19:20","date_gmt":"2020-07-06T13:19:20","guid":{"rendered":"https:\/\/beauty.fiapp.com\/shop\/senza-categoria\/diablo-1019c-divano-attesa\/"},"modified":"2023-11-22T09:36:41","modified_gmt":"2023-11-22T08:36:41","slug":"diablo-1019c-divano-attesa","status":"publish","type":"product","link":"https:\/\/fiapp.com\/fr\/diablo-1019c-divano-attesa\/","title":{"rendered":"Meuble de lavage DIABLO 1019 WU 2P : innovation et confort pour votre salon"},"content":{"rendered":"","protected":false},"excerpt":{"rendered":"<h3>DIABLO 1019C<\/h3>\n<p>Canap\u00e9 courbe d&#8217;attente, habillage en simil-cuir, socle plaqu\u00e9 en stratifi\u00e9. Modulaire avec 1019, 1019A, 1019B, 1019E sx, 1019E dx, 1019L.<\/p>\n","protected":false},"featured_media":26345,"comment_status":"closed","ping_status":"closed","template":"","meta":{"_acf_changed":false},"product_cat":[537,548],"product_tag":[],"class_list":["post-26903","product","type-product","status-publish","has-post-thumbnail","hentry","product_cat-attente-coiffeur","product_cat-attente-spa-nails"],"acf":[],"_links":{"self":[{"href":"https:\/\/fiapp.com\/fr\/wp-json\/wp\/v2\/product\/26903"}],"collection":[{"href":"https:\/\/fiapp.com\/fr\/wp-json\/wp\/v2\/product"}],"about":[{"href":"https:\/\/fiapp.com\/fr\/wp-json\/wp\/v2\/types\/product"}],"replies":[{"embeddable":true,"href":"https:\/\/fiapp.com\/fr\/wp-json\/wp\/v2\/comments?post=26903"}],"wp:featuredmedia":[{"embeddable":true,"href":"https:\/\/fiapp.com\/fr\/wp-json\/wp\/v2\/media\/26345"}],"wp:attachment":[{"href":"https:\/\/fiapp.com\/fr\/wp-json\/wp\/v2\/media?parent=26903"}],"wp:term":[{"taxonomy":"product_cat","embeddable":true,"href":"https:\/\/fiapp.com\/fr\/wp-json\/wp\/v2\/product_cat?post=26903"},{"taxonomy":"product_tag","embeddable":true,"href":"https:\/\/fiapp.com\/fr\/wp-json\/wp\/v2\/product_tag?post=26903"}],"curies":[{"name":"wp","href":"https:\/\/api.w.org\/{rel}","templated":true}]}}