{"id":26911,"date":"2020-07-06T15:23:52","date_gmt":"2020-07-06T13:23:52","guid":{"rendered":"https:\/\/beauty.fiapp.com\/shop\/senza-categoria\/vincent-85d-divano-attesa\/"},"modified":"2023-11-23T14:27:03","modified_gmt":"2023-11-23T13:27:03","slug":"vincent-85d-divano-attesa","status":"publish","type":"product","link":"https:\/\/fiapp.com\/fr\/vincent-85d-divano-attesa\/","title":{"rendered":"Canap\u00e9 d&#8217;attente Vincent 85D : partagez la d\u00e9tente avec style"},"content":{"rendered":"","protected":false},"excerpt":{"rendered":"<h3>VINCENT 85D<\/h3>\n<p>Canap\u00e9 d&#8217;attente \u00e0 2 postes avec structure inox bross\u00e9, habillage en simil-cuir.<\/p>\n","protected":false},"featured_media":26266,"comment_status":"closed","ping_status":"closed","template":"","meta":{"_acf_changed":false},"product_cat":[537,548],"product_tag":[],"class_list":["post-26911","product","type-product","status-publish","has-post-thumbnail","hentry","product_cat-attente-coiffeur","product_cat-attente-spa-nails"],"acf":[],"_links":{"self":[{"href":"https:\/\/fiapp.com\/fr\/wp-json\/wp\/v2\/product\/26911"}],"collection":[{"href":"https:\/\/fiapp.com\/fr\/wp-json\/wp\/v2\/product"}],"about":[{"href":"https:\/\/fiapp.com\/fr\/wp-json\/wp\/v2\/types\/product"}],"replies":[{"embeddable":true,"href":"https:\/\/fiapp.com\/fr\/wp-json\/wp\/v2\/comments?post=26911"}],"wp:featuredmedia":[{"embeddable":true,"href":"https:\/\/fiapp.com\/fr\/wp-json\/wp\/v2\/media\/26266"}],"wp:attachment":[{"href":"https:\/\/fiapp.com\/fr\/wp-json\/wp\/v2\/media?parent=26911"}],"wp:term":[{"taxonomy":"product_cat","embeddable":true,"href":"https:\/\/fiapp.com\/fr\/wp-json\/wp\/v2\/product_cat?post=26911"},{"taxonomy":"product_tag","embeddable":true,"href":"https:\/\/fiapp.com\/fr\/wp-json\/wp\/v2\/product_tag?post=26911"}],"curies":[{"name":"wp","href":"https:\/\/api.w.org\/{rel}","templated":true}]}}