{"id":26928,"date":"2020-07-06T15:29:17","date_gmt":"2020-07-06T13:29:17","guid":{"rendered":"https:\/\/beauty.fiapp.com\/shop\/senza-categoria\/diablo-1019d-divano-attesa\/"},"modified":"2023-11-22T09:43:40","modified_gmt":"2023-11-22T08:43:40","slug":"diablo-1019d","status":"publish","type":"product","link":"https:\/\/fiapp.com\/fr\/diablo-1019d\/","title":{"rendered":"Canap\u00e9 d&#8217;attente avec dossier d&#8217;angle &#8216;DIABLO 1019E dx&#8217;"},"content":{"rendered":"","protected":false},"excerpt":{"rendered":"<h3>DIABLO 1019D<\/h3>\n<p>Canap\u00e9 d&#8217;attente lin\u00e9aire avec dossier central, habillage en simil-cuir, socle plaqu\u00e9 en stratifi\u00e9. Modulaire avec 1019.<\/p>\n","protected":false},"featured_media":26646,"comment_status":"closed","ping_status":"closed","template":"","meta":{"_acf_changed":false},"product_cat":[537,548],"product_tag":[],"class_list":["post-26928","product","type-product","status-publish","has-post-thumbnail","hentry","product_cat-attente-coiffeur","product_cat-attente-spa-nails"],"acf":[],"_links":{"self":[{"href":"https:\/\/fiapp.com\/fr\/wp-json\/wp\/v2\/product\/26928"}],"collection":[{"href":"https:\/\/fiapp.com\/fr\/wp-json\/wp\/v2\/product"}],"about":[{"href":"https:\/\/fiapp.com\/fr\/wp-json\/wp\/v2\/types\/product"}],"replies":[{"embeddable":true,"href":"https:\/\/fiapp.com\/fr\/wp-json\/wp\/v2\/comments?post=26928"}],"wp:featuredmedia":[{"embeddable":true,"href":"https:\/\/fiapp.com\/fr\/wp-json\/wp\/v2\/media\/26646"}],"wp:attachment":[{"href":"https:\/\/fiapp.com\/fr\/wp-json\/wp\/v2\/media?parent=26928"}],"wp:term":[{"taxonomy":"product_cat","embeddable":true,"href":"https:\/\/fiapp.com\/fr\/wp-json\/wp\/v2\/product_cat?post=26928"},{"taxonomy":"product_tag","embeddable":true,"href":"https:\/\/fiapp.com\/fr\/wp-json\/wp\/v2\/product_tag?post=26928"}],"curies":[{"name":"wp","href":"https:\/\/api.w.org\/{rel}","templated":true}]}}