{"id":26932,"date":"2020-07-06T15:30:06","date_gmt":"2020-07-06T13:30:06","guid":{"rendered":"https:\/\/beauty.fiapp.com\/shop\/senza-categoria\/diablo-1019e-sx-divano-attesa\/"},"modified":"2023-11-22T12:42:11","modified_gmt":"2023-11-22T11:42:11","slug":"diablo-1019e-sx-divano-attesa","status":"publish","type":"product","link":"https:\/\/fiapp.com\/fr\/diablo-1019e-sx-divano-attesa\/","title":{"rendered":"DIABLO 1019L : Le canap\u00e9 d&#8217;attente qui transforme l&#8217;exp\u00e9rience client"},"content":{"rendered":"","protected":false},"excerpt":{"rendered":"<h3>DIABLO 1019E sx<\/h3>\n<p>Canap\u00e9 d&#8217;attente lin\u00e9aire avec dossier d&#8217;angle gauche, habillage en simil-cuir, socle plaqu\u00e9 en stratifi\u00e9. Modulaire avec 1019, 1019A, 1019B, 1019Edx, 1019L.<\/p>\n","protected":false},"featured_media":26652,"comment_status":"closed","ping_status":"closed","template":"","meta":{"_acf_changed":false},"product_cat":[537,548],"product_tag":[],"class_list":["post-26932","product","type-product","status-publish","has-post-thumbnail","hentry","product_cat-attente-coiffeur","product_cat-attente-spa-nails"],"acf":[],"_links":{"self":[{"href":"https:\/\/fiapp.com\/fr\/wp-json\/wp\/v2\/product\/26932"}],"collection":[{"href":"https:\/\/fiapp.com\/fr\/wp-json\/wp\/v2\/product"}],"about":[{"href":"https:\/\/fiapp.com\/fr\/wp-json\/wp\/v2\/types\/product"}],"replies":[{"embeddable":true,"href":"https:\/\/fiapp.com\/fr\/wp-json\/wp\/v2\/comments?post=26932"}],"wp:featuredmedia":[{"embeddable":true,"href":"https:\/\/fiapp.com\/fr\/wp-json\/wp\/v2\/media\/26652"}],"wp:attachment":[{"href":"https:\/\/fiapp.com\/fr\/wp-json\/wp\/v2\/media?parent=26932"}],"wp:term":[{"taxonomy":"product_cat","embeddable":true,"href":"https:\/\/fiapp.com\/fr\/wp-json\/wp\/v2\/product_cat?post=26932"},{"taxonomy":"product_tag","embeddable":true,"href":"https:\/\/fiapp.com\/fr\/wp-json\/wp\/v2\/product_tag?post=26932"}],"curies":[{"name":"wp","href":"https:\/\/api.w.org\/{rel}","templated":true}]}}