{"id":26936,"date":"2020-07-06T15:30:51","date_gmt":"2020-07-06T13:30:51","guid":{"rendered":"https:\/\/beauty.fiapp.com\/shop\/senza-categoria\/diablo-1019e-dx-divano-attesa\/"},"modified":"2023-11-22T09:44:30","modified_gmt":"2023-11-22T08:44:30","slug":"diablo-1019e-dx-divano-attesa","status":"publish","type":"product","link":"https:\/\/fiapp.com\/fr\/diablo-1019e-dx-divano-attesa\/","title":{"rendered":"Canap\u00e9 d&#8217;Angle &#8216;DIABLO 1019E sx&#8217; &#8211; \u00c9l\u00e9gance et Fonctionnalit\u00e9"},"content":{"rendered":"","protected":false},"excerpt":{"rendered":"<h3>DIABLO 1019E dx<\/h3>\n<p>Canap\u00e9 d&#8217;attente lin\u00e9aire avec dossier d&#8217;angle droit, habillage en simil-cuir, socle plaqu\u00e9 en stratifi\u00e9. Modulaire avec 1019, 1019A, 1019B, 1019Esx, 1019L.<\/p>\n","protected":false},"featured_media":26649,"comment_status":"closed","ping_status":"closed","template":"","meta":{"_acf_changed":false},"product_cat":[548,537],"product_tag":[],"class_list":["post-26936","product","type-product","status-publish","has-post-thumbnail","hentry","product_cat-attente-spa-nails","product_cat-attente-coiffeur"],"acf":[],"_links":{"self":[{"href":"https:\/\/fiapp.com\/fr\/wp-json\/wp\/v2\/product\/26936"}],"collection":[{"href":"https:\/\/fiapp.com\/fr\/wp-json\/wp\/v2\/product"}],"about":[{"href":"https:\/\/fiapp.com\/fr\/wp-json\/wp\/v2\/types\/product"}],"replies":[{"embeddable":true,"href":"https:\/\/fiapp.com\/fr\/wp-json\/wp\/v2\/comments?post=26936"}],"wp:featuredmedia":[{"embeddable":true,"href":"https:\/\/fiapp.com\/fr\/wp-json\/wp\/v2\/media\/26649"}],"wp:attachment":[{"href":"https:\/\/fiapp.com\/fr\/wp-json\/wp\/v2\/media?parent=26936"}],"wp:term":[{"taxonomy":"product_cat","embeddable":true,"href":"https:\/\/fiapp.com\/fr\/wp-json\/wp\/v2\/product_cat?post=26936"},{"taxonomy":"product_tag","embeddable":true,"href":"https:\/\/fiapp.com\/fr\/wp-json\/wp\/v2\/product_tag?post=26936"}],"curies":[{"name":"wp","href":"https:\/\/api.w.org\/{rel}","templated":true}]}}