{"id":26948,"date":"2020-07-06T15:40:08","date_gmt":"2020-07-06T13:40:08","guid":{"rendered":"https:\/\/beauty.fiapp.com\/shop\/senza-categoria\/manhattan-83c-divano-attesa\/"},"modified":"2023-11-23T11:32:47","modified_gmt":"2023-11-23T10:32:47","slug":"manhattan-83c","status":"publish","type":"product","link":"https:\/\/fiapp.com\/fr\/manhattan-83c\/","title":{"rendered":"Canap\u00e9 d&#8217;attente MANHATTAN 83C pour salons modernes"},"content":{"rendered":"","protected":false},"excerpt":{"rendered":"<h3>MANHATTAN 83C<\/h3>\n<p>Canap\u00e9 d&#8217;attente lin\u00e9aire, habillage en simil-cuir, socle plaqu\u00e9 en stratifi\u00e9. Modulaire avec 83, 83B, 83E sx, 83E dx.<\/p>\n","protected":false},"featured_media":26619,"comment_status":"closed","ping_status":"closed","template":"","meta":{"_acf_changed":false},"product_cat":[548,537],"product_tag":[],"class_list":["post-26948","product","type-product","status-publish","has-post-thumbnail","hentry","product_cat-attente-spa-nails","product_cat-attente-coiffeur"],"acf":[],"_links":{"self":[{"href":"https:\/\/fiapp.com\/fr\/wp-json\/wp\/v2\/product\/26948"}],"collection":[{"href":"https:\/\/fiapp.com\/fr\/wp-json\/wp\/v2\/product"}],"about":[{"href":"https:\/\/fiapp.com\/fr\/wp-json\/wp\/v2\/types\/product"}],"replies":[{"embeddable":true,"href":"https:\/\/fiapp.com\/fr\/wp-json\/wp\/v2\/comments?post=26948"}],"wp:featuredmedia":[{"embeddable":true,"href":"https:\/\/fiapp.com\/fr\/wp-json\/wp\/v2\/media\/26619"}],"wp:attachment":[{"href":"https:\/\/fiapp.com\/fr\/wp-json\/wp\/v2\/media?parent=26948"}],"wp:term":[{"taxonomy":"product_cat","embeddable":true,"href":"https:\/\/fiapp.com\/fr\/wp-json\/wp\/v2\/product_cat?post=26948"},{"taxonomy":"product_tag","embeddable":true,"href":"https:\/\/fiapp.com\/fr\/wp-json\/wp\/v2\/product_tag?post=26948"}],"curies":[{"name":"wp","href":"https:\/\/api.w.org\/{rel}","templated":true}]}}