{"id":26952,"date":"2020-07-06T15:41:25","date_gmt":"2020-07-06T13:41:25","guid":{"rendered":"https:\/\/beauty.fiapp.com\/shop\/senza-categoria\/manhattan-83d-divano-attesa\/"},"modified":"2023-11-23T11:34:17","modified_gmt":"2023-11-23T10:34:17","slug":"manhattan-83d","status":"publish","type":"product","link":"https:\/\/fiapp.com\/fr\/manhattan-83d\/","title":{"rendered":"Canap\u00e9 d&#8217;attente lin\u00e9aire MANHATTAN 83D"},"content":{"rendered":"","protected":false},"excerpt":{"rendered":"<h3>MANHATTAN 83D<\/h3>\n<p>Canap\u00e9 d&#8217;attente lin\u00e9aire avec dossier central, habillage en simil-cuir, socle plaqu\u00e9 en stratifi\u00e9. Modulaire avec 83.<\/p>\n","protected":false},"featured_media":26622,"comment_status":"closed","ping_status":"closed","template":"","meta":{"_acf_changed":false},"product_cat":[537,548],"product_tag":[],"class_list":["post-26952","product","type-product","status-publish","has-post-thumbnail","hentry","product_cat-attente-coiffeur","product_cat-attente-spa-nails"],"acf":[],"_links":{"self":[{"href":"https:\/\/fiapp.com\/fr\/wp-json\/wp\/v2\/product\/26952"}],"collection":[{"href":"https:\/\/fiapp.com\/fr\/wp-json\/wp\/v2\/product"}],"about":[{"href":"https:\/\/fiapp.com\/fr\/wp-json\/wp\/v2\/types\/product"}],"replies":[{"embeddable":true,"href":"https:\/\/fiapp.com\/fr\/wp-json\/wp\/v2\/comments?post=26952"}],"wp:featuredmedia":[{"embeddable":true,"href":"https:\/\/fiapp.com\/fr\/wp-json\/wp\/v2\/media\/26622"}],"wp:attachment":[{"href":"https:\/\/fiapp.com\/fr\/wp-json\/wp\/v2\/media?parent=26952"}],"wp:term":[{"taxonomy":"product_cat","embeddable":true,"href":"https:\/\/fiapp.com\/fr\/wp-json\/wp\/v2\/product_cat?post=26952"},{"taxonomy":"product_tag","embeddable":true,"href":"https:\/\/fiapp.com\/fr\/wp-json\/wp\/v2\/product_tag?post=26952"}],"curies":[{"name":"wp","href":"https:\/\/api.w.org\/{rel}","templated":true}]}}