{"id":26956,"date":"2020-07-06T15:42:52","date_gmt":"2020-07-06T13:42:52","guid":{"rendered":"https:\/\/beauty.fiapp.com\/shop\/senza-categoria\/manhattan-83e-sx-divano-attesa\/"},"modified":"2023-11-23T11:39:17","modified_gmt":"2023-11-23T10:39:17","slug":"manhattan-83e-sx","status":"publish","type":"product","link":"https:\/\/fiapp.com\/fr\/manhattan-83e-sx\/","title":{"rendered":"Canap\u00e9 d&#8217;attente gauche MANHATTAN 83E : Coin d\u00e9tente"},"content":{"rendered":"","protected":false},"excerpt":{"rendered":"<h3>MANHATTAN 83E sx<\/h3>\n<p>Canap\u00e9 d&#8217;attente lin\u00e9aire avec dossier d&#8217;angle gauche, habillage en simil-cuir, socle plaqu\u00e9 en stratifi\u00e9. Modulaire avec 83, 83B, 83C, 83E dx.<\/p>\n","protected":false},"featured_media":26628,"comment_status":"closed","ping_status":"closed","template":"","meta":{"_acf_changed":false},"product_cat":[537,548],"product_tag":[],"class_list":["post-26956","product","type-product","status-publish","has-post-thumbnail","hentry","product_cat-attente-coiffeur","product_cat-attente-spa-nails"],"acf":[],"_links":{"self":[{"href":"https:\/\/fiapp.com\/fr\/wp-json\/wp\/v2\/product\/26956"}],"collection":[{"href":"https:\/\/fiapp.com\/fr\/wp-json\/wp\/v2\/product"}],"about":[{"href":"https:\/\/fiapp.com\/fr\/wp-json\/wp\/v2\/types\/product"}],"replies":[{"embeddable":true,"href":"https:\/\/fiapp.com\/fr\/wp-json\/wp\/v2\/comments?post=26956"}],"wp:featuredmedia":[{"embeddable":true,"href":"https:\/\/fiapp.com\/fr\/wp-json\/wp\/v2\/media\/26628"}],"wp:attachment":[{"href":"https:\/\/fiapp.com\/fr\/wp-json\/wp\/v2\/media?parent=26956"}],"wp:term":[{"taxonomy":"product_cat","embeddable":true,"href":"https:\/\/fiapp.com\/fr\/wp-json\/wp\/v2\/product_cat?post=26956"},{"taxonomy":"product_tag","embeddable":true,"href":"https:\/\/fiapp.com\/fr\/wp-json\/wp\/v2\/product_tag?post=26956"}],"curies":[{"name":"wp","href":"https:\/\/api.w.org\/{rel}","templated":true}]}}