{"id":26960,"date":"2020-07-06T15:44:07","date_gmt":"2020-07-06T13:44:07","guid":{"rendered":"https:\/\/beauty.fiapp.com\/shop\/senza-categoria\/manhattan-83e-dx-divano-attesa\/"},"modified":"2023-11-23T11:37:02","modified_gmt":"2023-11-23T10:37:02","slug":"manhattan-83e-dx","status":"publish","type":"product","link":"https:\/\/fiapp.com\/fr\/manhattan-83e-dx\/","title":{"rendered":"Canap\u00e9 d&#8217;attente d&#8217;angle droit MANHATTAN 83E"},"content":{"rendered":"","protected":false},"excerpt":{"rendered":"<h3>MANHATTAN 83E dx<\/h3>\n<p>Canap\u00e9 d&#8217;attente lin\u00e9aire avec dossier d&#8217;angle droit, habillage en simil-cuir, socle plaqu\u00e9 en stratifi\u00e9. Modulaire avec 83, 83B, 83C, 83E sx.<\/p>\n","protected":false},"featured_media":26625,"comment_status":"closed","ping_status":"closed","template":"","meta":{"_acf_changed":false},"product_cat":[548,537],"product_tag":[],"class_list":["post-26960","product","type-product","status-publish","has-post-thumbnail","hentry","product_cat-attente-spa-nails","product_cat-attente-coiffeur"],"acf":[],"_links":{"self":[{"href":"https:\/\/fiapp.com\/fr\/wp-json\/wp\/v2\/product\/26960"}],"collection":[{"href":"https:\/\/fiapp.com\/fr\/wp-json\/wp\/v2\/product"}],"about":[{"href":"https:\/\/fiapp.com\/fr\/wp-json\/wp\/v2\/types\/product"}],"replies":[{"embeddable":true,"href":"https:\/\/fiapp.com\/fr\/wp-json\/wp\/v2\/comments?post=26960"}],"wp:featuredmedia":[{"embeddable":true,"href":"https:\/\/fiapp.com\/fr\/wp-json\/wp\/v2\/media\/26625"}],"wp:attachment":[{"href":"https:\/\/fiapp.com\/fr\/wp-json\/wp\/v2\/media?parent=26960"}],"wp:term":[{"taxonomy":"product_cat","embeddable":true,"href":"https:\/\/fiapp.com\/fr\/wp-json\/wp\/v2\/product_cat?post=26960"},{"taxonomy":"product_tag","embeddable":true,"href":"https:\/\/fiapp.com\/fr\/wp-json\/wp\/v2\/product_tag?post=26960"}],"curies":[{"name":"wp","href":"https:\/\/api.w.org\/{rel}","templated":true}]}}