{"id":26968,"date":"2020-07-06T15:50:19","date_gmt":"2020-07-06T13:50:19","guid":{"rendered":"https:\/\/beauty.fiapp.com\/shop\/senza-categoria\/utility-nails-509-carrello\/"},"modified":"2023-11-23T14:12:24","modified_gmt":"2023-11-23T13:12:24","slug":"utility-nails-509","status":"publish","type":"product","link":"https:\/\/fiapp.com\/fr\/utility-nails-509\/","title":{"rendered":"Chariot de manucure Utility Nails 509 : fonctionnalit\u00e9 et \u00e9l\u00e9gance"},"content":{"rendered":"","protected":false},"excerpt":{"rendered":"<h3>UTILITY NAILS 509<\/h3>\n<p>Chariot de service en m\u00e9lamin\u00e9, 5 tiroirs avec fa\u00e7ade en plexi, plateau surbaiss\u00e9 revetu inox bross\u00e9.<\/p>\n","protected":false},"featured_media":26311,"comment_status":"closed","ping_status":"closed","template":"","meta":{"_acf_changed":false},"product_cat":[303,304],"product_tag":[],"class_list":["post-26968","product","type-product","status-publish","has-post-thumbnail","hentry","product_cat-chariots-spa-nails","product_cat-chariots-coiffeur"],"acf":[],"_links":{"self":[{"href":"https:\/\/fiapp.com\/fr\/wp-json\/wp\/v2\/product\/26968"}],"collection":[{"href":"https:\/\/fiapp.com\/fr\/wp-json\/wp\/v2\/product"}],"about":[{"href":"https:\/\/fiapp.com\/fr\/wp-json\/wp\/v2\/types\/product"}],"replies":[{"embeddable":true,"href":"https:\/\/fiapp.com\/fr\/wp-json\/wp\/v2\/comments?post=26968"}],"wp:featuredmedia":[{"embeddable":true,"href":"https:\/\/fiapp.com\/fr\/wp-json\/wp\/v2\/media\/26311"}],"wp:attachment":[{"href":"https:\/\/fiapp.com\/fr\/wp-json\/wp\/v2\/media?parent=26968"}],"wp:term":[{"taxonomy":"product_cat","embeddable":true,"href":"https:\/\/fiapp.com\/fr\/wp-json\/wp\/v2\/product_cat?post=26968"},{"taxonomy":"product_tag","embeddable":true,"href":"https:\/\/fiapp.com\/fr\/wp-json\/wp\/v2\/product_tag?post=26968"}],"curies":[{"name":"wp","href":"https:\/\/api.w.org\/{rel}","templated":true}]}}