{"id":26972,"date":"2020-07-06T15:53:51","date_gmt":"2020-07-06T13:53:51","guid":{"rendered":"https:\/\/beauty.fiapp.com\/shop\/senza-categoria\/service-512-carrello\/"},"modified":"2023-11-23T12:22:26","modified_gmt":"2023-11-23T11:22:26","slug":"service-512","status":"publish","type":"product","link":"https:\/\/fiapp.com\/fr\/service-512\/","title":{"rendered":"Chariot SERVICE 512 &#8211; Commodit\u00e9 et Design pour votre Salon"},"content":{"rendered":"","protected":false},"excerpt":{"rendered":"<h3>SERVICE 512<\/h3>\n<p>Chariot de service en m\u00e9lamin\u00e9, base en m\u00e9tal verni, plan de travail avec tiroirs lat\u00e9raux.<\/p>\n","protected":false},"featured_media":26394,"comment_status":"closed","ping_status":"closed","template":"","meta":{"_acf_changed":false},"product_cat":[304,303],"product_tag":[],"class_list":["post-26972","product","type-product","status-publish","has-post-thumbnail","hentry","product_cat-chariots-coiffeur","product_cat-chariots-spa-nails"],"acf":[],"_links":{"self":[{"href":"https:\/\/fiapp.com\/fr\/wp-json\/wp\/v2\/product\/26972"}],"collection":[{"href":"https:\/\/fiapp.com\/fr\/wp-json\/wp\/v2\/product"}],"about":[{"href":"https:\/\/fiapp.com\/fr\/wp-json\/wp\/v2\/types\/product"}],"replies":[{"embeddable":true,"href":"https:\/\/fiapp.com\/fr\/wp-json\/wp\/v2\/comments?post=26972"}],"wp:featuredmedia":[{"embeddable":true,"href":"https:\/\/fiapp.com\/fr\/wp-json\/wp\/v2\/media\/26394"}],"wp:attachment":[{"href":"https:\/\/fiapp.com\/fr\/wp-json\/wp\/v2\/media?parent=26972"}],"wp:term":[{"taxonomy":"product_cat","embeddable":true,"href":"https:\/\/fiapp.com\/fr\/wp-json\/wp\/v2\/product_cat?post=26972"},{"taxonomy":"product_tag","embeddable":true,"href":"https:\/\/fiapp.com\/fr\/wp-json\/wp\/v2\/product_tag?post=26972"}],"curies":[{"name":"wp","href":"https:\/\/api.w.org\/{rel}","templated":true}]}}