{"id":26976,"date":"2020-07-06T15:57:04","date_gmt":"2020-07-06T13:57:04","guid":{"rendered":"https:\/\/beauty.fiapp.com\/shop\/senza-categoria\/spa-e120-carrello-di-servizio\/"},"modified":"2023-11-24T12:21:04","modified_gmt":"2023-11-24T11:21:04","slug":"spa-e120","status":"publish","type":"product","link":"https:\/\/fiapp.com\/fr\/spa-e120\/","title":{"rendered":"Chariot de service SPA E120 : innovation et style pour les professionnels"},"content":{"rendered":"","protected":false},"excerpt":{"rendered":"<h3>SPA E120<\/h3>\n<p>Chariot en m\u00e9lamin\u00e9, 2 \u00e9tag\u00e8res fixes avec bords et \u00e9tag\u00e8re interm\u00e9diaire.<\/p>\n","protected":false},"featured_media":26446,"comment_status":"closed","ping_status":"closed","template":"","meta":{"_acf_changed":false},"product_cat":[303,304],"product_tag":[],"class_list":["post-26976","product","type-product","status-publish","has-post-thumbnail","hentry","product_cat-chariots-spa-nails","product_cat-chariots-coiffeur"],"acf":[],"_links":{"self":[{"href":"https:\/\/fiapp.com\/fr\/wp-json\/wp\/v2\/product\/26976"}],"collection":[{"href":"https:\/\/fiapp.com\/fr\/wp-json\/wp\/v2\/product"}],"about":[{"href":"https:\/\/fiapp.com\/fr\/wp-json\/wp\/v2\/types\/product"}],"replies":[{"embeddable":true,"href":"https:\/\/fiapp.com\/fr\/wp-json\/wp\/v2\/comments?post=26976"}],"wp:featuredmedia":[{"embeddable":true,"href":"https:\/\/fiapp.com\/fr\/wp-json\/wp\/v2\/media\/26446"}],"wp:attachment":[{"href":"https:\/\/fiapp.com\/fr\/wp-json\/wp\/v2\/media?parent=26976"}],"wp:term":[{"taxonomy":"product_cat","embeddable":true,"href":"https:\/\/fiapp.com\/fr\/wp-json\/wp\/v2\/product_cat?post=26976"},{"taxonomy":"product_tag","embeddable":true,"href":"https:\/\/fiapp.com\/fr\/wp-json\/wp\/v2\/product_tag?post=26976"}],"curies":[{"name":"wp","href":"https:\/\/api.w.org\/{rel}","templated":true}]}}