{"id":26981,"date":"2020-07-06T16:08:16","date_gmt":"2020-07-06T14:08:16","guid":{"rendered":"https:\/\/beauty.fiapp.com\/shop\/senza-categoria\/design-875j-mobile-cassa\/"},"modified":"2023-11-22T09:30:37","modified_gmt":"2023-11-22T08:30:37","slug":"design-875j","status":"publish","type":"product","link":"https:\/\/fiapp.com\/fr\/design-875j\/","title":{"rendered":"Caisse mobile DESIGN 875J : \u00e9l\u00e9gance et fonctionnalit\u00e9"},"content":{"rendered":"","protected":false},"excerpt":{"rendered":"<h3>DESIGN 875J<\/h3>\n<p>Meuble caisse, 2 portes, int\u00e9rieur cour d&#8217;\u00e9tag\u00e8res r\u00e9glables, 2 tiroirs, compartiment ouvert avec \u00e9tag\u00e8re; fa\u00e7ade r\u00e9tro-\u00e9clair\u00e9, tablette repose-sac et cot\u00e8s en Corian.<\/p>\n","protected":false},"featured_media":19441,"comment_status":"closed","ping_status":"closed","template":"","meta":{"_acf_changed":false},"product_cat":[538,549],"product_tag":[],"class_list":["post-26981","product","type-product","status-publish","has-post-thumbnail","hentry","product_cat-meubles-caisse-coiffeur","product_cat-meubles-caisse-spa-nails"],"acf":[],"_links":{"self":[{"href":"https:\/\/fiapp.com\/fr\/wp-json\/wp\/v2\/product\/26981"}],"collection":[{"href":"https:\/\/fiapp.com\/fr\/wp-json\/wp\/v2\/product"}],"about":[{"href":"https:\/\/fiapp.com\/fr\/wp-json\/wp\/v2\/types\/product"}],"replies":[{"embeddable":true,"href":"https:\/\/fiapp.com\/fr\/wp-json\/wp\/v2\/comments?post=26981"}],"wp:featuredmedia":[{"embeddable":true,"href":"https:\/\/fiapp.com\/fr\/wp-json\/wp\/v2\/media\/19441"}],"wp:attachment":[{"href":"https:\/\/fiapp.com\/fr\/wp-json\/wp\/v2\/media?parent=26981"}],"wp:term":[{"taxonomy":"product_cat","embeddable":true,"href":"https:\/\/fiapp.com\/fr\/wp-json\/wp\/v2\/product_cat?post=26981"},{"taxonomy":"product_tag","embeddable":true,"href":"https:\/\/fiapp.com\/fr\/wp-json\/wp\/v2\/product_tag?post=26981"}],"curies":[{"name":"wp","href":"https:\/\/api.w.org\/{rel}","templated":true}]}}