{"id":26989,"date":"2020-07-06T16:10:18","date_gmt":"2020-07-06T14:10:18","guid":{"rendered":"https:\/\/beauty.fiapp.com\/shop\/senza-categoria\/entry-827-mobile-cassa\/"},"modified":"2023-11-22T12:59:14","modified_gmt":"2023-11-22T11:59:14","slug":"entry-827-3","status":"publish","type":"product","link":"https:\/\/fiapp.com\/fr\/entry-827-3\/","title":{"rendered":"Armoire de caisse ENTRY 827 : fonctionnalit\u00e9 et \u00e9l\u00e9gance pour votre salon"},"content":{"rendered":"","protected":false},"excerpt":{"rendered":"<h3>ENTRY 827<\/h3>\n<p>Meuble caisse, 2 portes, int\u00e9rieur cour d&#8217;\u00e9tag\u00e8res r\u00e9glables, 2 tiroirs, compartiment ouvert avec \u00e9tag\u00e8re; fa\u00e7ade avec cadre.<\/p>\n","protected":false},"featured_media":26257,"comment_status":"closed","ping_status":"closed","template":"","meta":{"_acf_changed":false},"product_cat":[538,549],"product_tag":[],"class_list":["post-26989","product","type-product","status-publish","has-post-thumbnail","hentry","product_cat-meubles-caisse-coiffeur","product_cat-meubles-caisse-spa-nails"],"acf":[],"_links":{"self":[{"href":"https:\/\/fiapp.com\/fr\/wp-json\/wp\/v2\/product\/26989"}],"collection":[{"href":"https:\/\/fiapp.com\/fr\/wp-json\/wp\/v2\/product"}],"about":[{"href":"https:\/\/fiapp.com\/fr\/wp-json\/wp\/v2\/types\/product"}],"replies":[{"embeddable":true,"href":"https:\/\/fiapp.com\/fr\/wp-json\/wp\/v2\/comments?post=26989"}],"wp:featuredmedia":[{"embeddable":true,"href":"https:\/\/fiapp.com\/fr\/wp-json\/wp\/v2\/media\/26257"}],"wp:attachment":[{"href":"https:\/\/fiapp.com\/fr\/wp-json\/wp\/v2\/media?parent=26989"}],"wp:term":[{"taxonomy":"product_cat","embeddable":true,"href":"https:\/\/fiapp.com\/fr\/wp-json\/wp\/v2\/product_cat?post=26989"},{"taxonomy":"product_tag","embeddable":true,"href":"https:\/\/fiapp.com\/fr\/wp-json\/wp\/v2\/product_tag?post=26989"}],"curies":[{"name":"wp","href":"https:\/\/api.w.org\/{rel}","templated":true}]}}