{"id":26993,"date":"2020-07-06T16:11:26","date_gmt":"2020-07-06T14:11:26","guid":{"rendered":"https:\/\/beauty.fiapp.com\/shop\/senza-categoria\/test-877-mobile-cassa\/"},"modified":"2023-11-23T12:57:35","modified_gmt":"2023-11-23T11:57:35","slug":"test-877","status":"publish","type":"product","link":"https:\/\/fiapp.com\/fr\/test-877\/","title":{"rendered":"Caissier mobile TEST 877 : Fonctionnalit\u00e9 et design pour votre salon"},"content":{"rendered":"","protected":false},"excerpt":{"rendered":"<h3>TEST 877<\/h3>\n<p>Comptoir caisse, tiroir, porte, int\u00e9rieur cour d&#8217;\u00e9tag\u00e8res r\u00e9glables, fa\u00e7ade et cot\u00e8s \u00e0 lattes.<\/p>\n","protected":false},"featured_media":26269,"comment_status":"closed","ping_status":"closed","template":"","meta":{"_acf_changed":false},"product_cat":[538,549],"product_tag":[],"class_list":["post-26993","product","type-product","status-publish","has-post-thumbnail","hentry","product_cat-meubles-caisse-coiffeur","product_cat-meubles-caisse-spa-nails"],"acf":[],"_links":{"self":[{"href":"https:\/\/fiapp.com\/fr\/wp-json\/wp\/v2\/product\/26993"}],"collection":[{"href":"https:\/\/fiapp.com\/fr\/wp-json\/wp\/v2\/product"}],"about":[{"href":"https:\/\/fiapp.com\/fr\/wp-json\/wp\/v2\/types\/product"}],"replies":[{"embeddable":true,"href":"https:\/\/fiapp.com\/fr\/wp-json\/wp\/v2\/comments?post=26993"}],"wp:featuredmedia":[{"embeddable":true,"href":"https:\/\/fiapp.com\/fr\/wp-json\/wp\/v2\/media\/26269"}],"wp:attachment":[{"href":"https:\/\/fiapp.com\/fr\/wp-json\/wp\/v2\/media?parent=26993"}],"wp:term":[{"taxonomy":"product_cat","embeddable":true,"href":"https:\/\/fiapp.com\/fr\/wp-json\/wp\/v2\/product_cat?post=26993"},{"taxonomy":"product_tag","embeddable":true,"href":"https:\/\/fiapp.com\/fr\/wp-json\/wp\/v2\/product_tag?post=26993"}],"curies":[{"name":"wp","href":"https:\/\/api.w.org\/{rel}","templated":true}]}}