{"id":26997,"date":"2020-07-06T16:29:46","date_gmt":"2020-07-06T14:29:46","guid":{"rendered":"https:\/\/beauty.fiapp.com\/shop\/senza-categoria\/cosmo-1021f-espositore\/"},"modified":"2023-11-22T09:23:25","modified_gmt":"2023-11-22T08:23:25","slug":"cosmo-1021f","status":"publish","type":"product","link":"https:\/\/fiapp.com\/fr\/cosmo-1021f\/","title":{"rendered":"Solution de stockage \u00e9l\u00e9gante avec COSMO 1021F"},"content":{"rendered":"","protected":false},"excerpt":{"rendered":"<h3>COSMO 1021F<\/h3>\n<p>Pr\u00e9sentoir avec base cubique, vitrine en verre fum\u00e9 sans porte, 3 \u00e9tag\u00e8res en verre fum\u00e9 coll\u00e9es UV.<\/p>\n","protected":false},"featured_media":26286,"comment_status":"open","ping_status":"closed","template":"","meta":{"_acf_changed":false},"product_cat":[539,551],"product_tag":[],"class_list":["post-26997","product","type-product","status-publish","has-post-thumbnail","hentry","product_cat-meubles-vitrine-et-exposeurs-coiffeur","product_cat-meubles-vitrine-et-exposeurs-spa-nails"],"acf":[],"_links":{"self":[{"href":"https:\/\/fiapp.com\/fr\/wp-json\/wp\/v2\/product\/26997"}],"collection":[{"href":"https:\/\/fiapp.com\/fr\/wp-json\/wp\/v2\/product"}],"about":[{"href":"https:\/\/fiapp.com\/fr\/wp-json\/wp\/v2\/types\/product"}],"replies":[{"embeddable":true,"href":"https:\/\/fiapp.com\/fr\/wp-json\/wp\/v2\/comments?post=26997"}],"wp:featuredmedia":[{"embeddable":true,"href":"https:\/\/fiapp.com\/fr\/wp-json\/wp\/v2\/media\/26286"}],"wp:attachment":[{"href":"https:\/\/fiapp.com\/fr\/wp-json\/wp\/v2\/media?parent=26997"}],"wp:term":[{"taxonomy":"product_cat","embeddable":true,"href":"https:\/\/fiapp.com\/fr\/wp-json\/wp\/v2\/product_cat?post=26997"},{"taxonomy":"product_tag","embeddable":true,"href":"https:\/\/fiapp.com\/fr\/wp-json\/wp\/v2\/product_tag?post=26997"}],"curies":[{"name":"wp","href":"https:\/\/api.w.org\/{rel}","templated":true}]}}