{"id":27001,"date":"2020-07-06T16:40:57","date_gmt":"2020-07-06T14:40:57","guid":{"rendered":"https:\/\/beauty.fiapp.com\/shop\/senza-categoria\/jazz-345b-postazione-lavoro-per-parrucchiere\/"},"modified":"2023-11-23T10:53:16","modified_gmt":"2023-11-23T09:53:16","slug":"jazz-345b-postazione-lavoro-per-parrucchiere","status":"publish","type":"product","link":"https:\/\/fiapp.com\/fr\/jazz-345b-postazione-lavoro-per-parrucchiere\/","title":{"rendered":"Station de coiffure \u00e9l\u00e9gante Jazz 345B"},"content":{"rendered":"","protected":false},"excerpt":{"rendered":"<h3>JAZZ 345B<\/h3>\n<p>Place de travail \u00e0 paroi pour coiffeur avec miroir toute hauteur. \u00c9clairage miroir avec lampes LED sur supports chrom\u00e9s.<\/p>\n","protected":false},"featured_media":26250,"comment_status":"closed","ping_status":"closed","template":"","meta":{"_acf_changed":false},"product_cat":[328],"product_tag":[],"class_list":["post-27001","product","type-product","status-publish","has-post-thumbnail","hentry","product_cat-places-coiffage-coiffeur"],"acf":[],"_links":{"self":[{"href":"https:\/\/fiapp.com\/fr\/wp-json\/wp\/v2\/product\/27001"}],"collection":[{"href":"https:\/\/fiapp.com\/fr\/wp-json\/wp\/v2\/product"}],"about":[{"href":"https:\/\/fiapp.com\/fr\/wp-json\/wp\/v2\/types\/product"}],"replies":[{"embeddable":true,"href":"https:\/\/fiapp.com\/fr\/wp-json\/wp\/v2\/comments?post=27001"}],"wp:featuredmedia":[{"embeddable":true,"href":"https:\/\/fiapp.com\/fr\/wp-json\/wp\/v2\/media\/26250"}],"wp:attachment":[{"href":"https:\/\/fiapp.com\/fr\/wp-json\/wp\/v2\/media?parent=27001"}],"wp:term":[{"taxonomy":"product_cat","embeddable":true,"href":"https:\/\/fiapp.com\/fr\/wp-json\/wp\/v2\/product_cat?post=27001"},{"taxonomy":"product_tag","embeddable":true,"href":"https:\/\/fiapp.com\/fr\/wp-json\/wp\/v2\/product_tag?post=27001"}],"curies":[{"name":"wp","href":"https:\/\/api.w.org\/{rel}","templated":true}]}}