{"id":27010,"date":"2020-07-06T16:48:40","date_gmt":"2020-07-06T14:48:40","guid":{"rendered":"https:\/\/beauty.fiapp.com\/shop\/senza-categoria\/steve-466-2p-postazione-lavoro-uomo-a-due-posti-per-parrucchiere\/"},"modified":"2023-11-23T12:51:50","modified_gmt":"2023-11-23T11:51:50","slug":"steve-466-2p","status":"publish","type":"product","link":"https:\/\/fiapp.com\/fr\/steve-466-2p\/","title":{"rendered":"Station Homme STEVE 466 2P : \u00c9l\u00e9gance et fonctionnalit\u00e9 pour votre salon"},"content":{"rendered":"","protected":false},"excerpt":{"rendered":"<h3>STEVE 466 2P<\/h3>\n<p>Place de travail 2 postes pour coiffeur avec blocs tiroirs, tiroir centrale avec \u00e9vier en Corian, mixer et douchette chrom\u00e8s \u00e0 l&#8217;int\u00e9rieur. 2 miroirs \u00e0 mur avec cadre en fer noir naturel et 2 pr\u00e9sentoirs \u00e0 mur en fer noir naturel.<\/p>\n","protected":false},"featured_media":26718,"comment_status":"closed","ping_status":"closed","template":"","meta":{"_acf_changed":false},"product_cat":[328,543],"product_tag":[],"class_list":["post-27010","product","type-product","status-publish","has-post-thumbnail","hentry","product_cat-places-coiffage-coiffeur","product_cat-places-coiffage-pour-homme-salon-coiffeur"],"acf":[],"_links":{"self":[{"href":"https:\/\/fiapp.com\/fr\/wp-json\/wp\/v2\/product\/27010"}],"collection":[{"href":"https:\/\/fiapp.com\/fr\/wp-json\/wp\/v2\/product"}],"about":[{"href":"https:\/\/fiapp.com\/fr\/wp-json\/wp\/v2\/types\/product"}],"replies":[{"embeddable":true,"href":"https:\/\/fiapp.com\/fr\/wp-json\/wp\/v2\/comments?post=27010"}],"wp:featuredmedia":[{"embeddable":true,"href":"https:\/\/fiapp.com\/fr\/wp-json\/wp\/v2\/media\/26718"}],"wp:attachment":[{"href":"https:\/\/fiapp.com\/fr\/wp-json\/wp\/v2\/media?parent=27010"}],"wp:term":[{"taxonomy":"product_cat","embeddable":true,"href":"https:\/\/fiapp.com\/fr\/wp-json\/wp\/v2\/product_cat?post=27010"},{"taxonomy":"product_tag","embeddable":true,"href":"https:\/\/fiapp.com\/fr\/wp-json\/wp\/v2\/product_tag?post=27010"}],"curies":[{"name":"wp","href":"https:\/\/api.w.org\/{rel}","templated":true}]}}