{"id":27014,"date":"2020-07-06T16:57:58","date_gmt":"2020-07-06T14:57:58","guid":{"rendered":"https:\/\/beauty.fiapp.com\/shop\/senza-categoria\/harmony-412-espositore-per-smalti\/"},"modified":"2023-11-23T10:46:48","modified_gmt":"2023-11-23T09:46:48","slug":"harmony-412-espositore-per-smalti","status":"publish","type":"product","link":"https:\/\/fiapp.com\/fr\/harmony-412-espositore-per-smalti\/","title":{"rendered":"Pr\u00e9sentoir \u00e0 vernis \u00e0 ongles Harmony 412 : la touche moderne pour votre salon"},"content":{"rendered":"","protected":false},"excerpt":{"rendered":"<h3>HARMONY 412<\/h3>\n<p>Pr\u00e9sentoir \u00e0 mur avec cadre courbe et \u00e9tag\u00e8res en verre pour vernis \u00e0 ongles.<\/p>\n","protected":false},"featured_media":26292,"comment_status":"open","ping_status":"closed","template":"","meta":{"_acf_changed":false},"product_cat":[539,551],"product_tag":[],"class_list":["post-27014","product","type-product","status-publish","has-post-thumbnail","hentry","product_cat-meubles-vitrine-et-exposeurs-coiffeur","product_cat-meubles-vitrine-et-exposeurs-spa-nails"],"acf":[],"_links":{"self":[{"href":"https:\/\/fiapp.com\/fr\/wp-json\/wp\/v2\/product\/27014"}],"collection":[{"href":"https:\/\/fiapp.com\/fr\/wp-json\/wp\/v2\/product"}],"about":[{"href":"https:\/\/fiapp.com\/fr\/wp-json\/wp\/v2\/types\/product"}],"replies":[{"embeddable":true,"href":"https:\/\/fiapp.com\/fr\/wp-json\/wp\/v2\/comments?post=27014"}],"wp:featuredmedia":[{"embeddable":true,"href":"https:\/\/fiapp.com\/fr\/wp-json\/wp\/v2\/media\/26292"}],"wp:attachment":[{"href":"https:\/\/fiapp.com\/fr\/wp-json\/wp\/v2\/media?parent=27014"}],"wp:term":[{"taxonomy":"product_cat","embeddable":true,"href":"https:\/\/fiapp.com\/fr\/wp-json\/wp\/v2\/product_cat?post=27014"},{"taxonomy":"product_tag","embeddable":true,"href":"https:\/\/fiapp.com\/fr\/wp-json\/wp\/v2\/product_tag?post=27014"}],"curies":[{"name":"wp","href":"https:\/\/api.w.org\/{rel}","templated":true}]}}