{"id":27018,"date":"2020-07-06T16:59:28","date_gmt":"2020-07-06T14:59:28","guid":{"rendered":"https:\/\/beauty.fiapp.com\/shop\/senza-categoria\/harmony-413-espositore-per-smalti\/"},"modified":"2023-11-23T10:47:47","modified_gmt":"2023-11-23T09:47:47","slug":"harmony-413-espositore-per-smalti","status":"publish","type":"product","link":"https:\/\/fiapp.com\/fr\/harmony-413-espositore-per-smalti\/","title":{"rendered":"Harmony 413 : Le pr\u00e9sentoir mural qui sublime la beaut\u00e9 de votre vernis \u00e0 ongles"},"content":{"rendered":"","protected":false},"excerpt":{"rendered":"<h3>HARMONY 413<\/h3>\n<p>Pr\u00e9sentoir \u00e0 mur rond avec cadre et 2 \u00e9tag\u00e8res en verre pour vernis \u00e0 ongles.<\/p>\n","protected":false},"featured_media":26295,"comment_status":"open","ping_status":"closed","template":"","meta":{"_acf_changed":false},"product_cat":[539,551],"product_tag":[],"class_list":["post-27018","product","type-product","status-publish","has-post-thumbnail","hentry","product_cat-meubles-vitrine-et-exposeurs-coiffeur","product_cat-meubles-vitrine-et-exposeurs-spa-nails"],"acf":[],"_links":{"self":[{"href":"https:\/\/fiapp.com\/fr\/wp-json\/wp\/v2\/product\/27018"}],"collection":[{"href":"https:\/\/fiapp.com\/fr\/wp-json\/wp\/v2\/product"}],"about":[{"href":"https:\/\/fiapp.com\/fr\/wp-json\/wp\/v2\/types\/product"}],"replies":[{"embeddable":true,"href":"https:\/\/fiapp.com\/fr\/wp-json\/wp\/v2\/comments?post=27018"}],"wp:featuredmedia":[{"embeddable":true,"href":"https:\/\/fiapp.com\/fr\/wp-json\/wp\/v2\/media\/26295"}],"wp:attachment":[{"href":"https:\/\/fiapp.com\/fr\/wp-json\/wp\/v2\/media?parent=27018"}],"wp:term":[{"taxonomy":"product_cat","embeddable":true,"href":"https:\/\/fiapp.com\/fr\/wp-json\/wp\/v2\/product_cat?post=27018"},{"taxonomy":"product_tag","embeddable":true,"href":"https:\/\/fiapp.com\/fr\/wp-json\/wp\/v2\/product_tag?post=27018"}],"curies":[{"name":"wp","href":"https:\/\/api.w.org\/{rel}","templated":true}]}}