{"id":27022,"date":"2020-07-06T17:02:21","date_gmt":"2020-07-06T15:02:21","guid":{"rendered":"https:\/\/beauty.fiapp.com\/shop\/senza-categoria\/picture-c2-visuel-per-poster\/"},"modified":"2023-11-23T12:06:15","modified_gmt":"2023-11-23T11:06:15","slug":"picture-c2","status":"publish","type":"product","link":"https:\/\/fiapp.com\/fr\/picture-c2\/","title":{"rendered":"Visuel Tableau R\u00e9tro\u00e9clair\u00e9 C2 &#8211; Lumi\u00e8re et style sur vos affiches"},"content":{"rendered":"","protected":false},"excerpt":{"rendered":"<h3>PICTURE C2<\/h3>\n<p>Visuel mural r\u00e9tro-\u00e9clair\u00e9 avec cadre.<\/p>\n","protected":false},"featured_media":26272,"comment_status":"closed","ping_status":"closed","template":"","meta":{"_acf_changed":false},"product_cat":[536,547],"product_tag":[],"class_list":["post-27022","product","type-product","status-publish","has-post-thumbnail","hentry","product_cat-accessoires-et-complements-coiffeur","product_cat-accessoires-et-complements-spa-nails"],"acf":[],"_links":{"self":[{"href":"https:\/\/fiapp.com\/fr\/wp-json\/wp\/v2\/product\/27022"}],"collection":[{"href":"https:\/\/fiapp.com\/fr\/wp-json\/wp\/v2\/product"}],"about":[{"href":"https:\/\/fiapp.com\/fr\/wp-json\/wp\/v2\/types\/product"}],"replies":[{"embeddable":true,"href":"https:\/\/fiapp.com\/fr\/wp-json\/wp\/v2\/comments?post=27022"}],"wp:featuredmedia":[{"embeddable":true,"href":"https:\/\/fiapp.com\/fr\/wp-json\/wp\/v2\/media\/26272"}],"wp:attachment":[{"href":"https:\/\/fiapp.com\/fr\/wp-json\/wp\/v2\/media?parent=27022"}],"wp:term":[{"taxonomy":"product_cat","embeddable":true,"href":"https:\/\/fiapp.com\/fr\/wp-json\/wp\/v2\/product_cat?post=27022"},{"taxonomy":"product_tag","embeddable":true,"href":"https:\/\/fiapp.com\/fr\/wp-json\/wp\/v2\/product_tag?post=27022"}],"curies":[{"name":"wp","href":"https:\/\/api.w.org\/{rel}","templated":true}]}}