{"id":27026,"date":"2020-07-06T17:05:30","date_gmt":"2020-07-06T15:05:30","guid":{"rendered":"https:\/\/beauty.fiapp.com\/shop\/senza-categoria\/optic-p2-pannello-decorativo\/"},"modified":"2023-11-23T12:04:34","modified_gmt":"2023-11-23T11:04:34","slug":"optic-p2","status":"publish","type":"product","link":"https:\/\/fiapp.com\/fr\/optic-p2\/","title":{"rendered":"Panneau d\u00e9coratif Optic P2 &#8211; Innovation et style"},"content":{"rendered":"","protected":false},"excerpt":{"rendered":"<h3>OPTIC P2<\/h3>\n<p>Panneau mural d\u00e9coratif avec plexi r\u00e9tro-\u00e9clair\u00e9 par LED RGB.<\/p>\n","protected":false},"featured_media":26384,"comment_status":"closed","ping_status":"closed","template":"","meta":{"_acf_changed":false},"product_cat":[536,547],"product_tag":[],"class_list":["post-27026","product","type-product","status-publish","has-post-thumbnail","hentry","product_cat-accessoires-et-complements-coiffeur","product_cat-accessoires-et-complements-spa-nails"],"acf":[],"_links":{"self":[{"href":"https:\/\/fiapp.com\/fr\/wp-json\/wp\/v2\/product\/27026"}],"collection":[{"href":"https:\/\/fiapp.com\/fr\/wp-json\/wp\/v2\/product"}],"about":[{"href":"https:\/\/fiapp.com\/fr\/wp-json\/wp\/v2\/types\/product"}],"replies":[{"embeddable":true,"href":"https:\/\/fiapp.com\/fr\/wp-json\/wp\/v2\/comments?post=27026"}],"wp:featuredmedia":[{"embeddable":true,"href":"https:\/\/fiapp.com\/fr\/wp-json\/wp\/v2\/media\/26384"}],"wp:attachment":[{"href":"https:\/\/fiapp.com\/fr\/wp-json\/wp\/v2\/media?parent=27026"}],"wp:term":[{"taxonomy":"product_cat","embeddable":true,"href":"https:\/\/fiapp.com\/fr\/wp-json\/wp\/v2\/product_cat?post=27026"},{"taxonomy":"product_tag","embeddable":true,"href":"https:\/\/fiapp.com\/fr\/wp-json\/wp\/v2\/product_tag?post=27026"}],"curies":[{"name":"wp","href":"https:\/\/api.w.org\/{rel}","templated":true}]}}