{"id":27030,"date":"2020-07-06T17:06:16","date_gmt":"2020-07-06T15:06:16","guid":{"rendered":"https:\/\/beauty.fiapp.com\/shop\/senza-categoria\/cieling-c1-cielino-a-soffitto\/"},"modified":"2023-11-22T09:20:37","modified_gmt":"2023-11-22T08:20:37","slug":"cieling-c1","status":"publish","type":"product","link":"https:\/\/fiapp.com\/fr\/cieling-c1\/","title":{"rendered":"Plafond CIELING C1 Plafond pour un environnement unique"},"content":{"rendered":"","protected":false},"excerpt":{"rendered":"<h3>CIELING C1<\/h3>\n<p>Lampe \u00e0 plafond fa\u00e7onn\u00e9 avec plexi r\u00e9tro-\u00e9clair\u00e9 par LED RGB.<\/p>\n","protected":false},"featured_media":26243,"comment_status":"closed","ping_status":"closed","template":"","meta":{"_acf_changed":false},"product_cat":[547,536],"product_tag":[],"class_list":["post-27030","product","type-product","status-publish","has-post-thumbnail","hentry","product_cat-accessoires-et-complements-spa-nails","product_cat-accessoires-et-complements-coiffeur"],"acf":[],"_links":{"self":[{"href":"https:\/\/fiapp.com\/fr\/wp-json\/wp\/v2\/product\/27030"}],"collection":[{"href":"https:\/\/fiapp.com\/fr\/wp-json\/wp\/v2\/product"}],"about":[{"href":"https:\/\/fiapp.com\/fr\/wp-json\/wp\/v2\/types\/product"}],"replies":[{"embeddable":true,"href":"https:\/\/fiapp.com\/fr\/wp-json\/wp\/v2\/comments?post=27030"}],"wp:featuredmedia":[{"embeddable":true,"href":"https:\/\/fiapp.com\/fr\/wp-json\/wp\/v2\/media\/26243"}],"wp:attachment":[{"href":"https:\/\/fiapp.com\/fr\/wp-json\/wp\/v2\/media?parent=27030"}],"wp:term":[{"taxonomy":"product_cat","embeddable":true,"href":"https:\/\/fiapp.com\/fr\/wp-json\/wp\/v2\/product_cat?post=27030"},{"taxonomy":"product_tag","embeddable":true,"href":"https:\/\/fiapp.com\/fr\/wp-json\/wp\/v2\/product_tag?post=27030"}],"curies":[{"name":"wp","href":"https:\/\/api.w.org\/{rel}","templated":true}]}}