{"id":27034,"date":"2020-07-06T17:11:22","date_gmt":"2020-07-06T15:11:22","guid":{"rendered":"https:\/\/beauty.fiapp.com\/shop\/senza-categoria\/spa-e101-lettino-massaggi\/"},"modified":"2023-11-23T12:27:14","modified_gmt":"2023-11-23T11:27:14","slug":"spa-e101","status":"publish","type":"product","link":"https:\/\/fiapp.com\/fr\/spa-e101\/","title":{"rendered":"Table de massage SPA E101 : la nouvelle norme de confort"},"content":{"rendered":"","protected":false},"excerpt":{"rendered":"<h3>SPA E101<\/h3>\n<p>Lit de massage \u00e0 hauteur fixe avec dossier r\u00e9glable \u00e9lectriquement, plan interm\u00e9diaire pour serviettes. Matelas H 10 cm. avec capuchon facial amovible.<\/p>\n","protected":false},"featured_media":26275,"comment_status":"closed","ping_status":"closed","template":"","meta":{"_acf_changed":false},"product_cat":[298],"product_tag":[],"class_list":["post-27034","product","type-product","status-publish","has-post-thumbnail","hentry","product_cat-lits-spa-nails"],"acf":[],"_links":{"self":[{"href":"https:\/\/fiapp.com\/fr\/wp-json\/wp\/v2\/product\/27034"}],"collection":[{"href":"https:\/\/fiapp.com\/fr\/wp-json\/wp\/v2\/product"}],"about":[{"href":"https:\/\/fiapp.com\/fr\/wp-json\/wp\/v2\/types\/product"}],"replies":[{"embeddable":true,"href":"https:\/\/fiapp.com\/fr\/wp-json\/wp\/v2\/comments?post=27034"}],"wp:featuredmedia":[{"embeddable":true,"href":"https:\/\/fiapp.com\/fr\/wp-json\/wp\/v2\/media\/26275"}],"wp:attachment":[{"href":"https:\/\/fiapp.com\/fr\/wp-json\/wp\/v2\/media?parent=27034"}],"wp:term":[{"taxonomy":"product_cat","embeddable":true,"href":"https:\/\/fiapp.com\/fr\/wp-json\/wp\/v2\/product_cat?post=27034"},{"taxonomy":"product_tag","embeddable":true,"href":"https:\/\/fiapp.com\/fr\/wp-json\/wp\/v2\/product_tag?post=27034"}],"curies":[{"name":"wp","href":"https:\/\/api.w.org\/{rel}","templated":true}]}}