{"id":27038,"date":"2020-07-06T17:11:32","date_gmt":"2020-07-06T15:11:32","guid":{"rendered":"https:\/\/beauty.fiapp.com\/shop\/senza-categoria\/spa-eh101-lettino-massaggi\/"},"modified":"2023-11-23T12:41:34","modified_gmt":"2023-11-23T11:41:34","slug":"spa-eh101","status":"publish","type":"product","link":"https:\/\/fiapp.com\/fr\/spa-eh101\/","title":{"rendered":"Lit de Massage SPA EH101 : Un Confort Sup\u00e9rieur pour Votre D\u00e9tente"},"content":{"rendered":"","protected":false},"excerpt":{"rendered":"<h3>SPA EH101<\/h3>\n<p>Lit de massage \u00e0 hauteur r\u00e9glable \u00e9lectriquement, plan interm\u00e9diaire pour serviettes, dossier r\u00e9glable \u00e9lectriquement. Matelas H 10 cm. avec capuchon facial amovible.<\/p>\n","protected":false},"featured_media":26302,"comment_status":"closed","ping_status":"closed","template":"","meta":{"_acf_changed":false},"product_cat":[298],"product_tag":[],"class_list":["post-27038","product","type-product","status-publish","has-post-thumbnail","hentry","product_cat-lits-spa-nails"],"acf":[],"_links":{"self":[{"href":"https:\/\/fiapp.com\/fr\/wp-json\/wp\/v2\/product\/27038"}],"collection":[{"href":"https:\/\/fiapp.com\/fr\/wp-json\/wp\/v2\/product"}],"about":[{"href":"https:\/\/fiapp.com\/fr\/wp-json\/wp\/v2\/types\/product"}],"replies":[{"embeddable":true,"href":"https:\/\/fiapp.com\/fr\/wp-json\/wp\/v2\/comments?post=27038"}],"wp:featuredmedia":[{"embeddable":true,"href":"https:\/\/fiapp.com\/fr\/wp-json\/wp\/v2\/media\/26302"}],"wp:attachment":[{"href":"https:\/\/fiapp.com\/fr\/wp-json\/wp\/v2\/media?parent=27038"}],"wp:term":[{"taxonomy":"product_cat","embeddable":true,"href":"https:\/\/fiapp.com\/fr\/wp-json\/wp\/v2\/product_cat?post=27038"},{"taxonomy":"product_tag","embeddable":true,"href":"https:\/\/fiapp.com\/fr\/wp-json\/wp\/v2\/product_tag?post=27038"}],"curies":[{"name":"wp","href":"https:\/\/api.w.org\/{rel}","templated":true}]}}