{"id":27042,"date":"2020-07-06T17:12:22","date_gmt":"2020-07-06T15:12:22","guid":{"rendered":"https:\/\/beauty.fiapp.com\/shop\/senza-categoria\/spa-em101p-lettino-massaggi-pedispa\/"},"modified":"2023-11-23T12:43:23","modified_gmt":"2023-11-23T11:43:23","slug":"spa-em101p","status":"publish","type":"product","link":"https:\/\/fiapp.com\/fr\/spa-em101p\/","title":{"rendered":"Lit de massage Pedispa de luxe SPA EM101P"},"content":{"rendered":"","protected":false},"excerpt":{"rendered":"<h3>SPA EM101P<\/h3>\n<p>Lit multifonctionnel r\u00e9glable \u00e9lectriquement en hauteur avec vasque pedispa en Corian int\u00e9gr\u00e9e, mitigeur et douchette. Repose-pieds r\u00e9glable en hauteur. Dossier r\u00e9glable \u00e9lectriquement, compartiment avec porte. Matelas H 10 cm. avec capuchon amovible pour le visage.<\/p>\n","protected":false},"featured_media":26305,"comment_status":"closed","ping_status":"closed","template":"","meta":{"_acf_changed":false},"product_cat":[298],"product_tag":[],"class_list":["post-27042","product","type-product","status-publish","has-post-thumbnail","hentry","product_cat-lits-spa-nails"],"acf":[],"_links":{"self":[{"href":"https:\/\/fiapp.com\/fr\/wp-json\/wp\/v2\/product\/27042"}],"collection":[{"href":"https:\/\/fiapp.com\/fr\/wp-json\/wp\/v2\/product"}],"about":[{"href":"https:\/\/fiapp.com\/fr\/wp-json\/wp\/v2\/types\/product"}],"replies":[{"embeddable":true,"href":"https:\/\/fiapp.com\/fr\/wp-json\/wp\/v2\/comments?post=27042"}],"wp:featuredmedia":[{"embeddable":true,"href":"https:\/\/fiapp.com\/fr\/wp-json\/wp\/v2\/media\/26305"}],"wp:attachment":[{"href":"https:\/\/fiapp.com\/fr\/wp-json\/wp\/v2\/media?parent=27042"}],"wp:term":[{"taxonomy":"product_cat","embeddable":true,"href":"https:\/\/fiapp.com\/fr\/wp-json\/wp\/v2\/product_cat?post=27042"},{"taxonomy":"product_tag","embeddable":true,"href":"https:\/\/fiapp.com\/fr\/wp-json\/wp\/v2\/product_tag?post=27042"}],"curies":[{"name":"wp","href":"https:\/\/api.w.org\/{rel}","templated":true}]}}